{"id":150,"date":"2015-07-27T09:02:57","date_gmt":"2015-07-27T09:02:57","guid":{"rendered":"http:\/\/www.triathlonlangognenaussac.fr\/?page_id=150"},"modified":"2016-07-25T10:06:53","modified_gmt":"2016-07-25T10:06:53","slug":"resultats","status":"publish","type":"page","link":"http:\/\/www.triathlonlangognenaussac.fr\/?page_id=150","title":{"rendered":"R\u00e9sultats 2015"},"content":{"rendered":"<p>Bonjour,<\/p>\n<p>Merci \u00e0 tous pour votre bonne humeur et votre participation \u00e0 cette 1\u00e8re \u00e9dition du Cross Triathlon.<\/p>\n<p>Merci \u00e9galement \u00e0 tous les b\u00e9n\u00e9voles qui ont permis le succ\u00e8s de l&rsquo;\u00e9preuve et sans qui rien ne serait possible.<\/p>\n<p>Merci aux Mairies d&rsquo;Auroux, Langogne et Naussac ainsi qu&rsquo;\u00e0 la Communaut\u00e9 de Communes du Haut Allier et au conseil D\u00e9partemental de la Loz\u00e8re pour leur aide mat\u00e9rielle et financi\u00e8re.<\/p>\n<p>Merci \u00e0 l&rsquo;EPL et aux particuliers pour les autorisations de passage qui ont permis d&rsquo;avoir un cadre exceptionnel pour ce triathlon.<\/p>\n<p>Merci \u00e0 Plan\u00e8t&rsquo;2 Roues et \u00e0 tous ceux qui nous ont aid\u00e9.<\/p>\n<p>Merci au groupe d&rsquo;organisation qui a cru \u00e0 ce projet.<\/p>\n<p>&nbsp;<\/p>\n<p>Voila donc les r\u00e9sultats des \u00e9preuves. Les photos viendront prochainement.<\/p>\n<p>Bonne continuation et \u00e0 l&rsquo;ann\u00e9e prochaine<\/p>\n<p>&nbsp;<\/p>\n<p><a href=\"http:\/\/www.triathlonlangognenaussac.fr\/wp-content\/uploads\/2015\/07\/TriLangogne-cltfinal_S.pdf\">TriLangogne-cltfinal_S<\/a><\/p>\n<p><a href=\"http:\/\/www.triathlonlangognenaussac.fr\/wp-content\/uploads\/2015\/07\/TriLangogne-cltfinal_M.pdf\">TriLangogne-cltfinal_M<\/a><\/p>\n","protected":false},"excerpt":{"rendered":"<p>Bonjour, Merci \u00e0 tous pour votre bonne humeur et votre participation \u00e0 cette 1\u00e8re \u00e9dition du Cross Triathlon. Merci \u00e9galement \u00e0 tous les b\u00e9n\u00e9voles qui ont permis le succ\u00e8s de l&rsquo;\u00e9preuve et sans qui rien ne serait possible. Merci aux Mairies d&rsquo;Auroux, Langogne et Naussac ainsi qu&rsquo;\u00e0 la Communaut\u00e9 de Communes du Haut Allier et&hellip;&nbsp;<a href=\"http:\/\/www.triathlonlangognenaussac.fr\/?page_id=150\" class=\"\" rel=\"bookmark\">Lire la suite &raquo;<span class=\"screen-reader-text\">R\u00e9sultats 2015<\/span><\/a><\/p>\n","protected":false},"author":1,"featured_media":0,"parent":0,"menu_order":0,"comment_status":"closed","ping_status":"closed","template":"","meta":{"neve_meta_sidebar":"","neve_meta_container":"","neve_meta_enable_content_width":"","neve_meta_content_width":0,"neve_meta_title_alignment":"","neve_meta_author_avatar":"","neve_post_elements_order":"","neve_meta_disable_header":"","neve_meta_disable_footer":"","neve_meta_disable_title":"","_ti_tpc_template_sync":false,"_ti_tpc_template_id":"","footnotes":""},"_links":{"self":[{"href":"http:\/\/www.triathlonlangognenaussac.fr\/index.php?rest_route=\/wp\/v2\/pages\/150"}],"collection":[{"href":"http:\/\/www.triathlonlangognenaussac.fr\/index.php?rest_route=\/wp\/v2\/pages"}],"about":[{"href":"http:\/\/www.triathlonlangognenaussac.fr\/index.php?rest_route=\/wp\/v2\/types\/page"}],"author":[{"embeddable":true,"href":"http:\/\/www.triathlonlangognenaussac.fr\/index.php?rest_route=\/wp\/v2\/users\/1"}],"replies":[{"embeddable":true,"href":"http:\/\/www.triathlonlangognenaussac.fr\/index.php?rest_route=%2Fwp%2Fv2%2Fcomments&post=150"}],"version-history":[{"count":2,"href":"http:\/\/www.triathlonlangognenaussac.fr\/index.php?rest_route=\/wp\/v2\/pages\/150\/revisions"}],"predecessor-version":[{"id":417,"href":"http:\/\/www.triathlonlangognenaussac.fr\/index.php?rest_route=\/wp\/v2\/pages\/150\/revisions\/417"}],"wp:attachment":[{"href":"http:\/\/www.triathlonlangognenaussac.fr\/index.php?rest_route=%2Fwp%2Fv2%2Fmedia&parent=150"}],"curies":[{"name":"wp","href":"https:\/\/api.w.org\/{rel}","templated":true}]}}