{"id":1595,"date":"2017-07-24T11:12:52","date_gmt":"2017-07-24T11:12:52","guid":{"rendered":"http:\/\/www.triathlonlangognenaussac.fr\/?page_id=1595"},"modified":"2017-07-24T11:12:52","modified_gmt":"2017-07-24T11:12:52","slug":"resultats-2017","status":"publish","type":"page","link":"http:\/\/www.triathlonlangognenaussac.fr\/?page_id=1595","title":{"rendered":"R\u00e9sultats 2017"},"content":{"rendered":"<p>Voici les r\u00e9sultats de la 3\u00e8me \u00e9dition.<\/p>\n<p>Merci \u00e0 tous d&rsquo;\u00eatre venus.<\/p>\n<p>Nous esp\u00e9rons que vous avez pris du plaisir.<\/p>\n<p>A l&rsquo;ann\u00e9e prochaine.<\/p>\n<p>Merci \u00e0 tous les b\u00e9n\u00e9voles sans qui rien n&rsquo;aurait \u00e9t\u00e9 possible, \u00e0 tous les sponsors, aux mairies et collectivit\u00e9s, \u00e0 l&rsquo;EPL, au chronom\u00e9treur et aux arbitres.<\/p>\n<p><a href=\"http:\/\/www.triathlonlangognenaussac.fr\/?attachment_id=1598\" rel=\"attachment wp-att-1598\">R\u00e9sultats S<\/a><\/p>\n<p><a href=\"http:\/\/www.triathlonlangognenaussac.fr\/?attachment_id=1597\" rel=\"attachment wp-att-1597\">R\u00e9sultats relais S<\/a><\/p>\n<p><a href=\"http:\/\/www.triathlonlangognenaussac.fr\/?attachment_id=1596\" rel=\"attachment wp-att-1596\">R\u00e9sultats M<\/a><\/p>\n<p>&nbsp;<\/p>\n<p>&nbsp;<\/p>\n","protected":false},"excerpt":{"rendered":"<p>Voici les r\u00e9sultats de la 3\u00e8me \u00e9dition. Merci \u00e0 tous d&rsquo;\u00eatre venus. Nous esp\u00e9rons que vous avez pris du plaisir. A l&rsquo;ann\u00e9e prochaine. Merci \u00e0 tous les b\u00e9n\u00e9voles sans qui rien n&rsquo;aurait \u00e9t\u00e9 possible, \u00e0 tous les sponsors, aux mairies et collectivit\u00e9s, \u00e0 l&rsquo;EPL, au chronom\u00e9treur et aux arbitres. R\u00e9sultats S R\u00e9sultats relais S R\u00e9sultats&hellip;&nbsp;<a href=\"http:\/\/www.triathlonlangognenaussac.fr\/?page_id=1595\" class=\"\" rel=\"bookmark\">Lire la suite &raquo;<span class=\"screen-reader-text\">R\u00e9sultats 2017<\/span><\/a><\/p>\n","protected":false},"author":1,"featured_media":0,"parent":0,"menu_order":0,"comment_status":"closed","ping_status":"closed","template":"","meta":{"neve_meta_sidebar":"","neve_meta_container":"","neve_meta_enable_content_width":"","neve_meta_content_width":0,"neve_meta_title_alignment":"","neve_meta_author_avatar":"","neve_post_elements_order":"","neve_meta_disable_header":"","neve_meta_disable_footer":"","neve_meta_disable_title":"","_ti_tpc_template_sync":false,"_ti_tpc_template_id":"","footnotes":""},"_links":{"self":[{"href":"http:\/\/www.triathlonlangognenaussac.fr\/index.php?rest_route=\/wp\/v2\/pages\/1595"}],"collection":[{"href":"http:\/\/www.triathlonlangognenaussac.fr\/index.php?rest_route=\/wp\/v2\/pages"}],"about":[{"href":"http:\/\/www.triathlonlangognenaussac.fr\/index.php?rest_route=\/wp\/v2\/types\/page"}],"author":[{"embeddable":true,"href":"http:\/\/www.triathlonlangognenaussac.fr\/index.php?rest_route=\/wp\/v2\/users\/1"}],"replies":[{"embeddable":true,"href":"http:\/\/www.triathlonlangognenaussac.fr\/index.php?rest_route=%2Fwp%2Fv2%2Fcomments&post=1595"}],"version-history":[{"count":1,"href":"http:\/\/www.triathlonlangognenaussac.fr\/index.php?rest_route=\/wp\/v2\/pages\/1595\/revisions"}],"predecessor-version":[{"id":1599,"href":"http:\/\/www.triathlonlangognenaussac.fr\/index.php?rest_route=\/wp\/v2\/pages\/1595\/revisions\/1599"}],"wp:attachment":[{"href":"http:\/\/www.triathlonlangognenaussac.fr\/index.php?rest_route=%2Fwp%2Fv2%2Fmedia&parent=1595"}],"curies":[{"name":"wp","href":"https:\/\/api.w.org\/{rel}","templated":true}]}}