{"id":1727,"date":"2019-07-21T20:19:58","date_gmt":"2019-07-21T20:19:58","guid":{"rendered":"http:\/\/www.triathlonlangognenaussac.fr\/?page_id=1727"},"modified":"2019-07-21T20:29:13","modified_gmt":"2019-07-21T20:29:13","slug":"resultats-2019","status":"publish","type":"page","link":"http:\/\/www.triathlonlangognenaussac.fr\/?page_id=1727","title":{"rendered":"R\u00e9sultats 2019"},"content":{"rendered":"<p>Bonsoir \u00e0 tous !<\/p>\n<p>La journ\u00e9e se termine et le cross tri 2019 aussi !<\/p>\n<p>Un grand merci de la part de toute l&rsquo;Association Langogne Triathlon aux 144 triathl\u00e8tes (157 en comptant les relayeurs) pour votre pr\u00e9sence et votre bonne humeur pour notre \u00e9preuve.<\/p>\n<p>Un grand bravo \u00e0 tous d&rsquo;avoir tout donn\u00e9 pour r\u00e9ussir !<\/p>\n<p>Nous remercions nos tr\u00e8s nombreux b\u00e9n\u00e9voles gr\u00e2ce \u00e0 qui cette organisation fonctionne !<\/p>\n<p>Un grand merci \u00e9galement \u00e0 tous nos sponsors et partenaires.<\/p>\n<p>Et enfin un grand merci \u00e0 Charl\u00e8ne Clavel notre marraine pour sa pr\u00e9sence (malgr\u00e9 sa blessure) et sa gentillesse<\/p>\n<p>Vous trouverez ici les r\u00e9sultats de cette ann\u00e9e. Les photos viendront dans les jours \u00e0 venir&#8230; Nous vous enverrons \u00e9galement un petit sondage pour que vous nous donniez votre avis sur l&rsquo;\u00e9preuve et pour nous aider \u00e0 progresser encore et encore.<\/p>\n<p>On compte sur vous tous pour parler de nous autour de vous !<\/p>\n<p>A l&rsquo;ann\u00e9e prochaine !<\/p>\n<p><a href=\"http:\/\/www.triathlonlangognenaussac.fr\/?attachment_id=1730\" rel=\"attachment wp-att-1730\">Classement S<\/a><\/p>\n<p><a href=\"http:\/\/www.triathlonlangognenaussac.fr\/?attachment_id=1728\" rel=\"attachment wp-att-1728\">Classement M\u00a0<\/a><\/p>\n","protected":false},"excerpt":{"rendered":"<p>Bonsoir \u00e0 tous ! La journ\u00e9e se termine et le cross tri 2019 aussi ! Un grand merci de la part de toute l&rsquo;Association Langogne Triathlon aux 144 triathl\u00e8tes (157 en comptant les relayeurs) pour votre pr\u00e9sence et votre bonne humeur pour notre \u00e9preuve. Un grand bravo \u00e0 tous d&rsquo;avoir tout donn\u00e9 pour r\u00e9ussir !&hellip;&nbsp;<a href=\"http:\/\/www.triathlonlangognenaussac.fr\/?page_id=1727\" class=\"\" rel=\"bookmark\">Lire la suite &raquo;<span class=\"screen-reader-text\">R\u00e9sultats 2019<\/span><\/a><\/p>\n","protected":false},"author":1,"featured_media":0,"parent":0,"menu_order":0,"comment_status":"closed","ping_status":"closed","template":"","meta":{"neve_meta_sidebar":"","neve_meta_container":"","neve_meta_enable_content_width":"","neve_meta_content_width":0,"neve_meta_title_alignment":"","neve_meta_author_avatar":"","neve_post_elements_order":"","neve_meta_disable_header":"","neve_meta_disable_footer":"","neve_meta_disable_title":"","_ti_tpc_template_sync":false,"_ti_tpc_template_id":"","footnotes":""},"_links":{"self":[{"href":"http:\/\/www.triathlonlangognenaussac.fr\/index.php?rest_route=\/wp\/v2\/pages\/1727"}],"collection":[{"href":"http:\/\/www.triathlonlangognenaussac.fr\/index.php?rest_route=\/wp\/v2\/pages"}],"about":[{"href":"http:\/\/www.triathlonlangognenaussac.fr\/index.php?rest_route=\/wp\/v2\/types\/page"}],"author":[{"embeddable":true,"href":"http:\/\/www.triathlonlangognenaussac.fr\/index.php?rest_route=\/wp\/v2\/users\/1"}],"replies":[{"embeddable":true,"href":"http:\/\/www.triathlonlangognenaussac.fr\/index.php?rest_route=%2Fwp%2Fv2%2Fcomments&post=1727"}],"version-history":[{"count":3,"href":"http:\/\/www.triathlonlangognenaussac.fr\/index.php?rest_route=\/wp\/v2\/pages\/1727\/revisions"}],"predecessor-version":[{"id":1734,"href":"http:\/\/www.triathlonlangognenaussac.fr\/index.php?rest_route=\/wp\/v2\/pages\/1727\/revisions\/1734"}],"wp:attachment":[{"href":"http:\/\/www.triathlonlangognenaussac.fr\/index.php?rest_route=%2Fwp%2Fv2%2Fmedia&parent=1727"}],"curies":[{"name":"wp","href":"https:\/\/api.w.org\/{rel}","templated":true}]}}