{"id":1884,"date":"2021-07-05T09:05:13","date_gmt":"2021-07-05T09:05:13","guid":{"rendered":"http:\/\/www.triathlonlangognenaussac.fr\/?page_id=1884"},"modified":"2021-07-07T20:44:03","modified_gmt":"2021-07-07T20:44:03","slug":"resultats-2021","status":"publish","type":"page","link":"http:\/\/www.triathlonlangognenaussac.fr\/?page_id=1884","title":{"rendered":"R\u00e9sultats 2021"},"content":{"rendered":"\n<p>Bonjour \u00e0 tous ! <\/p>\n\n\n\n<p>Merci pour votre pr\u00e9sence parmi nous pour cette 6\u00e8me \u00e9dition du Cross Triathlon de Langogne Naussac. Cela a \u00e9t\u00e9 un plaisir de vous retrouver et nous esp\u00e9rons que vous vous \u00eates r\u00e9gal\u00e9s sur notre \u00e9preuve. <\/p>\n\n\n\n<p>Nous vous donnons rendez vous l&rsquo;ann\u00e9e prochaine. <\/p>\n\n\n\n<p>Un grand merci \u00e0 l&rsquo;ensemble de nos b\u00e9n\u00e9voles qui font la r\u00e9ussite de cette manifestation chaque ann\u00e9e. <\/p>\n\n\n\n<p>Un grand merci \u00e9galement \u00e0 l&rsquo;ensemble de nos partenaires :  Dubois Chaussures, La Table du Lac, SAS Serge Gaillard, SAS Mourgues Vieira, SLBPET, A Fleur de Coeur, Garage De CECCO, Cave Hugony, Mondov\u00e9lo Mende, Planete 2  Roues Mende, Atol Mon Opticien, Optique C\u00e9dric Jouve, H\u00f4tel Restaurant Golf Domaine de Barres, Quezac, Hugon Tourisme\/Voyages, Lhermet Menuiserie, Maison Fages, Maison Laget, Hyper U Coeur Loz\u00e8re, INTERSPORT Mende, Carrefour Contact Langogne, Rondin Parc, Moto Verte Haute Loz\u00e8re, Cycles Jourdan, Langogne Tourisme (mairie), Communaut\u00e9 de communes du Haut Allier, Mairie de Naussac Fontanes, D\u00e9partement de la Loz\u00e8re, La R\u00e9gion Occitanie \/ Pyr\u00e9n\u00e9es-M\u00e9diterran\u00e9e, Ligue R\u00e9gionale de Triathlon Occitanie <\/p>\n\n\n\n<p>R\u00e9sultats XS : <a href=\"http:\/\/www.triathlonlangognenaussac.fr\/wp-content\/uploads\/2021\/07\/RESULTATS-XS-3.pdf\">http:\/\/www.triathlonlangognenaussac.fr\/wp-content\/uploads\/2021\/07\/RESULTATS-XS-3.pdf<\/a><\/p>\n\n\n\n<p>R\u00e9sultats S : <a href=\"http:\/\/www.triathlonlangognenaussac.fr\/wp-content\/uploads\/2021\/07\/resultats-s.pdf\">h<\/a><a href=\"http:\/\/www.triathlonlangognenaussac.fr\/wp-content\/uploads\/2021\/07\/RESULTATS-S.pdf\">http:\/\/www.triathlonlangognenaussac.fr\/wp-content\/uploads\/2021\/07\/RESULTATS-S.pdf<\/a><\/p>\n\n\n\n<p>R\u00e9sultats M : <a href=\"http:\/\/www.triathlonlangognenaussac.fr\/wp-content\/uploads\/2021\/07\/RESULTATS-M-1.pdf\">http:\/\/www.triathlonlangognenaussac.fr\/wp-content\/uploads\/2021\/07\/RESULTATS-M-1.pdf<\/a><\/p>\n","protected":false},"excerpt":{"rendered":"<p>Bonjour \u00e0 tous ! Merci pour votre pr\u00e9sence parmi nous pour cette 6\u00e8me \u00e9dition du Cross Triathlon de Langogne Naussac. Cela a \u00e9t\u00e9 un plaisir de vous retrouver et nous esp\u00e9rons que vous vous \u00eates r\u00e9gal\u00e9s sur notre \u00e9preuve. Nous vous donnons rendez vous l&rsquo;ann\u00e9e prochaine. Un grand merci \u00e0 l&rsquo;ensemble de nos b\u00e9n\u00e9voles qui&hellip;&nbsp;<a href=\"http:\/\/www.triathlonlangognenaussac.fr\/?page_id=1884\" class=\"\" rel=\"bookmark\">Lire la suite &raquo;<span class=\"screen-reader-text\">R\u00e9sultats 2021<\/span><\/a><\/p>\n","protected":false},"author":1,"featured_media":0,"parent":0,"menu_order":0,"comment_status":"closed","ping_status":"closed","template":"","meta":{"neve_meta_sidebar":"","neve_meta_container":"","neve_meta_enable_content_width":"","neve_meta_content_width":0,"neve_meta_title_alignment":"","neve_meta_author_avatar":"","neve_post_elements_order":"","neve_meta_disable_header":"","neve_meta_disable_footer":"","neve_meta_disable_title":"","_ti_tpc_template_sync":false,"_ti_tpc_template_id":"","footnotes":""},"_links":{"self":[{"href":"http:\/\/www.triathlonlangognenaussac.fr\/index.php?rest_route=\/wp\/v2\/pages\/1884"}],"collection":[{"href":"http:\/\/www.triathlonlangognenaussac.fr\/index.php?rest_route=\/wp\/v2\/pages"}],"about":[{"href":"http:\/\/www.triathlonlangognenaussac.fr\/index.php?rest_route=\/wp\/v2\/types\/page"}],"author":[{"embeddable":true,"href":"http:\/\/www.triathlonlangognenaussac.fr\/index.php?rest_route=\/wp\/v2\/users\/1"}],"replies":[{"embeddable":true,"href":"http:\/\/www.triathlonlangognenaussac.fr\/index.php?rest_route=%2Fwp%2Fv2%2Fcomments&post=1884"}],"version-history":[{"count":8,"href":"http:\/\/www.triathlonlangognenaussac.fr\/index.php?rest_route=\/wp\/v2\/pages\/1884\/revisions"}],"predecessor-version":[{"id":1902,"href":"http:\/\/www.triathlonlangognenaussac.fr\/index.php?rest_route=\/wp\/v2\/pages\/1884\/revisions\/1902"}],"wp:attachment":[{"href":"http:\/\/www.triathlonlangognenaussac.fr\/index.php?rest_route=%2Fwp%2Fv2%2Fmedia&parent=1884"}],"curies":[{"name":"wp","href":"https:\/\/api.w.org\/{rel}","templated":true}]}}