{"id":2035,"date":"2023-09-16T14:00:03","date_gmt":"2023-09-16T14:00:03","guid":{"rendered":"https:\/\/www.triathlonlangognenaussac.fr\/?page_id=2035"},"modified":"2026-03-15T18:05:55","modified_gmt":"2026-03-15T18:05:55","slug":"edition-2024","status":"publish","type":"page","link":"http:\/\/www.triathlonlangognenaussac.fr\/?page_id=2035","title":{"rendered":"EDITION 2026 !!!"},"content":{"rendered":"\n<p>Vous l&rsquo;attendiez, la voil\u00e0, l&rsquo;affiche de notre \u00e9dition anniversaire du Triathlon de Langogne Naussac. <\/p>\n\n\n\n<p>11 ans que nous sommes avec vous chaque \u00e9t\u00e9, 11 ans que vous nous faites confiance et 11 ans que nous grandissons gr\u00e2ce \u00e0 vous chaque ann\u00e9e.<\/p>\n\n\n\n<p>Nous vous proposons cette ann\u00e9e encore de nous retrouver pour 2 jours autour de la pratique du triathlon dans notre cadre fabuleux. <\/p>\n\n\n\n<p>Le samedi auront lieu le cross triathlon XS et le cross triathlon S, deux formats pour d\u00e9buter ou pour confirmer et surtout s&rsquo;amuser ! On garde la base de ce qui nous a fait reprendre l&rsquo;association il y a 11 ans, \u00e0 savoir le cross triathlon, car notre nature se pr\u00eate vraiment pleinement \u00e0 cet exercice ! <\/p>\n\n\n\n<p>Grande nouveaut\u00e9 cette ann\u00e9e et surtout grande fiert\u00e9 pour nous, nous accueillerons le Challenge National des Ligues de Para Triathlon ! <\/p>\n\n\n\n<p>La F\u00e9d\u00e9ration Fran\u00e7aise de Triathlon nous a fait l&rsquo;honneur de nous attribuer l&rsquo;organisation de cette \u00e9preuve qui correspond \u00e0 notre volont\u00e9 d&rsquo;inclusion des personnes en situation de handicap. Au programme un relais ou chaque membre devra en d\u00e9coudre avec 300m de natation, 7,5km de cyclisme et 1,2km de course \u00e0 pied. <\/p>\n\n\n\n<p>Un grand moment \u00e0 venir et nous avons h\u00e2te d&rsquo;accueillir ces triathl\u00e8tes ! <\/p>\n\n\n\n<p>Le dimanche place au format M route le matin puis l&rsquo;apr\u00e8s midi aura lieu un format S route ! C&rsquo;est la nouveaut\u00e9 de cette ann\u00e9e pour qu&rsquo;un maximum de monde trouve son bonheur sur notre \u00e9preuve ! Et pour n&rsquo;oublier personne, cette \u00e9preuve sera ouverte \u00e0 tous les para-triathl\u00e8tes ! Notre volont\u00e9 d&rsquo;inclusion des personnes en situation de handicap existe d\u00e9j\u00e0 depuis longtemps au niveau des b\u00e9n\u00e9voles et de quelques coureurs mais cette ann\u00e9e nous souhaitions vraiment permettre aux personnes en fauteuil, \u00e9quip\u00e9s d&rsquo;une proth\u00e8se ou atteintes de n&rsquo;importe quel handicap de pouvoir participer pleinement \u00e0 la f\u00eate ! <\/p>\n\n\n\n<p>Ce sera le samedi et le dimanche 18 et 19 JUILLET 2026 !<\/p>\n\n\n<div class=\"wp-block-image\">\n<figure class=\"aligncenter size-large\"><a href=\"http:\/\/www.triathlonlangognenaussac.fr\/wp-content\/uploads\/2026\/03\/1000055052.jpg\"><img loading=\"lazy\" decoding=\"async\" width=\"724\" height=\"1024\" src=\"http:\/\/www.triathlonlangognenaussac.fr\/wp-content\/uploads\/2026\/03\/1000055052-724x1024.jpg\" alt=\"\" class=\"wp-image-2918\" srcset=\"http:\/\/www.triathlonlangognenaussac.fr\/wp-content\/uploads\/2026\/03\/1000055052-724x1024.jpg 724w, http:\/\/www.triathlonlangognenaussac.fr\/wp-content\/uploads\/2026\/03\/1000055052-212x300.jpg 212w, http:\/\/www.triathlonlangognenaussac.fr\/wp-content\/uploads\/2026\/03\/1000055052-768x1086.jpg 768w, http:\/\/www.triathlonlangognenaussac.fr\/wp-content\/uploads\/2026\/03\/1000055052-1086x1536.jpg 1086w, http:\/\/www.triathlonlangognenaussac.fr\/wp-content\/uploads\/2026\/03\/1000055052.jpg 1131w\" sizes=\"(max-width: 724px) 100vw, 724px\" \/><\/a><\/figure><\/div>","protected":false},"excerpt":{"rendered":"<p>Vous l&rsquo;attendiez, la voil\u00e0, l&rsquo;affiche de notre \u00e9dition anniversaire du Triathlon de Langogne Naussac. 11 ans que nous sommes avec vous chaque \u00e9t\u00e9, 11 ans que vous nous faites confiance et 11 ans que nous grandissons gr\u00e2ce \u00e0 vous chaque ann\u00e9e. Nous vous proposons cette ann\u00e9e encore de nous retrouver pour 2 jours autour de&hellip;&nbsp;<a href=\"http:\/\/www.triathlonlangognenaussac.fr\/?page_id=2035\" class=\"\" rel=\"bookmark\">Lire la suite &raquo;<span class=\"screen-reader-text\">EDITION 2026 !!!<\/span><\/a><\/p>\n","protected":false},"author":1,"featured_media":0,"parent":0,"menu_order":0,"comment_status":"closed","ping_status":"closed","template":"","meta":{"neve_meta_sidebar":"","neve_meta_container":"","neve_meta_enable_content_width":"","neve_meta_content_width":0,"neve_meta_title_alignment":"","neve_meta_author_avatar":"","neve_post_elements_order":"","neve_meta_disable_header":"","neve_meta_disable_footer":"","neve_meta_disable_title":"","_ti_tpc_template_sync":false,"_ti_tpc_template_id":"","footnotes":""},"_links":{"self":[{"href":"http:\/\/www.triathlonlangognenaussac.fr\/index.php?rest_route=\/wp\/v2\/pages\/2035"}],"collection":[{"href":"http:\/\/www.triathlonlangognenaussac.fr\/index.php?rest_route=\/wp\/v2\/pages"}],"about":[{"href":"http:\/\/www.triathlonlangognenaussac.fr\/index.php?rest_route=\/wp\/v2\/types\/page"}],"author":[{"embeddable":true,"href":"http:\/\/www.triathlonlangognenaussac.fr\/index.php?rest_route=\/wp\/v2\/users\/1"}],"replies":[{"embeddable":true,"href":"http:\/\/www.triathlonlangognenaussac.fr\/index.php?rest_route=%2Fwp%2Fv2%2Fcomments&post=2035"}],"version-history":[{"count":7,"href":"http:\/\/www.triathlonlangognenaussac.fr\/index.php?rest_route=\/wp\/v2\/pages\/2035\/revisions"}],"predecessor-version":[{"id":2920,"href":"http:\/\/www.triathlonlangognenaussac.fr\/index.php?rest_route=\/wp\/v2\/pages\/2035\/revisions\/2920"}],"wp:attachment":[{"href":"http:\/\/www.triathlonlangognenaussac.fr\/index.php?rest_route=%2Fwp%2Fv2%2Fmedia&parent=2035"}],"curies":[{"name":"wp","href":"https:\/\/api.w.org\/{rel}","templated":true}]}}