{"id":2374,"date":"2024-02-03T14:31:36","date_gmt":"2024-02-03T14:31:36","guid":{"rendered":"https:\/\/www.triathlonlangognenaussac.fr\/?page_id=2374"},"modified":"2024-02-08T10:38:07","modified_gmt":"2024-02-08T10:38:07","slug":"archives-resultats","status":"publish","type":"page","link":"http:\/\/www.triathlonlangognenaussac.fr\/?page_id=2374","title":{"rendered":"Archives r\u00e9sultats"},"content":{"rendered":"\n<p>Retrouvez ici tous les r\u00e9sultats des diff\u00e9rentes \u00e9ditions !<\/p>\n\n\n\n<figure class=\"wp-block-image size-large\"><a href=\"http:\/\/www.triathlonlangognenaussac.fr\/wp-content\/uploads\/2016\/08\/DSCN5017.jpg\"><img loading=\"lazy\" decoding=\"async\" width=\"1024\" height=\"768\" src=\"http:\/\/www.triathlonlangognenaussac.fr\/wp-content\/uploads\/2016\/08\/DSCN5017-1024x768.jpg\" alt=\"\" class=\"wp-image-1279\" srcset=\"http:\/\/www.triathlonlangognenaussac.fr\/wp-content\/uploads\/2016\/08\/DSCN5017-1024x768.jpg 1024w, http:\/\/www.triathlonlangognenaussac.fr\/wp-content\/uploads\/2016\/08\/DSCN5017-300x225.jpg 300w, http:\/\/www.triathlonlangognenaussac.fr\/wp-content\/uploads\/2016\/08\/DSCN5017-945x709.jpg 945w, http:\/\/www.triathlonlangognenaussac.fr\/wp-content\/uploads\/2016\/08\/DSCN5017-600x450.jpg 600w, http:\/\/www.triathlonlangognenaussac.fr\/wp-content\/uploads\/2016\/08\/DSCN5017.jpg 1146w\" sizes=\"(max-width: 1024px) 100vw, 1024px\" \/><\/a><\/figure>\n","protected":false},"excerpt":{"rendered":"<p>Retrouvez ici tous les r\u00e9sultats des diff\u00e9rentes \u00e9ditions !<\/p>\n","protected":false},"author":1,"featured_media":0,"parent":0,"menu_order":0,"comment_status":"closed","ping_status":"closed","template":"","meta":{"neve_meta_sidebar":"","neve_meta_container":"","neve_meta_enable_content_width":"","neve_meta_content_width":0,"neve_meta_title_alignment":"","neve_meta_author_avatar":"","neve_post_elements_order":"","neve_meta_disable_header":"","neve_meta_disable_footer":"","neve_meta_disable_title":"","_ti_tpc_template_sync":false,"_ti_tpc_template_id":"","footnotes":""},"_links":{"self":[{"href":"http:\/\/www.triathlonlangognenaussac.fr\/index.php?rest_route=\/wp\/v2\/pages\/2374"}],"collection":[{"href":"http:\/\/www.triathlonlangognenaussac.fr\/index.php?rest_route=\/wp\/v2\/pages"}],"about":[{"href":"http:\/\/www.triathlonlangognenaussac.fr\/index.php?rest_route=\/wp\/v2\/types\/page"}],"author":[{"embeddable":true,"href":"http:\/\/www.triathlonlangognenaussac.fr\/index.php?rest_route=\/wp\/v2\/users\/1"}],"replies":[{"embeddable":true,"href":"http:\/\/www.triathlonlangognenaussac.fr\/index.php?rest_route=%2Fwp%2Fv2%2Fcomments&post=2374"}],"version-history":[{"count":2,"href":"http:\/\/www.triathlonlangognenaussac.fr\/index.php?rest_route=\/wp\/v2\/pages\/2374\/revisions"}],"predecessor-version":[{"id":2437,"href":"http:\/\/www.triathlonlangognenaussac.fr\/index.php?rest_route=\/wp\/v2\/pages\/2374\/revisions\/2437"}],"wp:attachment":[{"href":"http:\/\/www.triathlonlangognenaussac.fr\/index.php?rest_route=%2Fwp%2Fv2%2Fmedia&parent=2374"}],"curies":[{"name":"wp","href":"https:\/\/api.w.org\/{rel}","templated":true}]}}