{"id":2375,"date":"2024-02-03T14:31:36","date_gmt":"2024-02-03T14:31:36","guid":{"rendered":"https:\/\/www.triathlonlangognenaussac.fr\/?page_id=2375"},"modified":"2024-02-08T10:39:22","modified_gmt":"2024-02-08T10:39:22","slug":"archives-photos","status":"publish","type":"page","link":"http:\/\/www.triathlonlangognenaussac.fr\/?page_id=2375","title":{"rendered":"Archives photos"},"content":{"rendered":"\n<p>Retrouvez ici les photos des ann\u00e9es pr\u00e9c\u00e9dentes ! <\/p>\n\n\n\n<figure class=\"wp-block-image size-full\"><a href=\"http:\/\/www.triathlonlangognenaussac.fr\/wp-content\/uploads\/2015\/08\/IMG_20150726_091615.jpg\"><img loading=\"lazy\" decoding=\"async\" width=\"398\" height=\"84\" src=\"http:\/\/www.triathlonlangognenaussac.fr\/wp-content\/uploads\/2015\/08\/IMG_20150726_091615.jpg\" alt=\"\" class=\"wp-image-319\" srcset=\"http:\/\/www.triathlonlangognenaussac.fr\/wp-content\/uploads\/2015\/08\/IMG_20150726_091615.jpg 398w, http:\/\/www.triathlonlangognenaussac.fr\/wp-content\/uploads\/2015\/08\/IMG_20150726_091615-300x63.jpg 300w\" sizes=\"(max-width: 398px) 100vw, 398px\" \/><\/a><\/figure>\n","protected":false},"excerpt":{"rendered":"<p>Retrouvez ici les photos des ann\u00e9es pr\u00e9c\u00e9dentes !<\/p>\n","protected":false},"author":1,"featured_media":0,"parent":0,"menu_order":0,"comment_status":"closed","ping_status":"closed","template":"","meta":{"neve_meta_sidebar":"","neve_meta_container":"","neve_meta_enable_content_width":"","neve_meta_content_width":0,"neve_meta_title_alignment":"","neve_meta_author_avatar":"","neve_post_elements_order":"","neve_meta_disable_header":"","neve_meta_disable_footer":"","neve_meta_disable_title":"","_ti_tpc_template_sync":false,"_ti_tpc_template_id":"","footnotes":""},"_links":{"self":[{"href":"http:\/\/www.triathlonlangognenaussac.fr\/index.php?rest_route=\/wp\/v2\/pages\/2375"}],"collection":[{"href":"http:\/\/www.triathlonlangognenaussac.fr\/index.php?rest_route=\/wp\/v2\/pages"}],"about":[{"href":"http:\/\/www.triathlonlangognenaussac.fr\/index.php?rest_route=\/wp\/v2\/types\/page"}],"author":[{"embeddable":true,"href":"http:\/\/www.triathlonlangognenaussac.fr\/index.php?rest_route=\/wp\/v2\/users\/1"}],"replies":[{"embeddable":true,"href":"http:\/\/www.triathlonlangognenaussac.fr\/index.php?rest_route=%2Fwp%2Fv2%2Fcomments&post=2375"}],"version-history":[{"count":3,"href":"http:\/\/www.triathlonlangognenaussac.fr\/index.php?rest_route=\/wp\/v2\/pages\/2375\/revisions"}],"predecessor-version":[{"id":2438,"href":"http:\/\/www.triathlonlangognenaussac.fr\/index.php?rest_route=\/wp\/v2\/pages\/2375\/revisions\/2438"}],"wp:attachment":[{"href":"http:\/\/www.triathlonlangognenaussac.fr\/index.php?rest_route=%2Fwp%2Fv2%2Fmedia&parent=2375"}],"curies":[{"name":"wp","href":"https:\/\/api.w.org\/{rel}","templated":true}]}}