{"id":2376,"date":"2024-02-03T14:31:36","date_gmt":"2024-02-03T14:31:36","guid":{"rendered":"https:\/\/www.triathlonlangognenaussac.fr\/?page_id=2376"},"modified":"2024-04-05T21:04:20","modified_gmt":"2024-04-05T21:04:20","slug":"comment-venir","status":"publish","type":"page","link":"http:\/\/www.triathlonlangognenaussac.fr\/?page_id=2376","title":{"rendered":"Comment venir ?"},"content":{"rendered":"\n<p>La Loz\u00e8re ???? Mais c&rsquo;est o\u00f9 ?? Pas de panique on vous explique tout ! M\u00eame \u00e0 situer notre beau d\u00e9partement sur une carte de France !!<\/p>\n\n\n\n<figure class=\"wp-block-image size-large\"><a href=\"https:\/\/www.triathlonlangognenaussac.fr\/wp-content\/uploads\/2024\/02\/carte.jpg\"><img loading=\"lazy\" decoding=\"async\" width=\"1024\" height=\"966\" src=\"https:\/\/www.triathlonlangognenaussac.fr\/wp-content\/uploads\/2024\/02\/carte-1024x966.jpg\" alt=\"\" class=\"wp-image-2424\" srcset=\"http:\/\/www.triathlonlangognenaussac.fr\/wp-content\/uploads\/2024\/02\/carte-1024x966.jpg 1024w, http:\/\/www.triathlonlangognenaussac.fr\/wp-content\/uploads\/2024\/02\/carte-300x283.jpg 300w, http:\/\/www.triathlonlangognenaussac.fr\/wp-content\/uploads\/2024\/02\/carte-768x724.jpg 768w, http:\/\/www.triathlonlangognenaussac.fr\/wp-content\/uploads\/2024\/02\/carte-1536x1448.jpg 1536w, http:\/\/www.triathlonlangognenaussac.fr\/wp-content\/uploads\/2024\/02\/carte.jpg 1981w\" sizes=\"(max-width: 1024px) 100vw, 1024px\" \/><\/a><\/figure>\n\n\n\n<p>Cliquez ici pour saisir votre itin\u00e9raire : <a href=\"https:\/\/maps.app.goo.gl\/FtvjNri7ewZxRRsZ9\" target=\"_blank\" rel=\"noreferrer noopener\">Plan pour venir au Triathlon de Langogne Naussac<\/a><\/p>\n\n\n\n<p>Suivre la <strong>direction<\/strong> de <strong>Langogne<\/strong>, quel que soit l&rsquo;endroit d&rsquo;o\u00f9 vous arrivez. Une fois \u00e0 Langogne, suivre la <strong>direction Naussac <\/strong>et les fl\u00e8ches jaunes que nous aurons mis en place pour l&rsquo;occasion. Aller en direction du <strong>restaurant la Table du Lac<\/strong>. <\/p>\n\n\n\n<figure class=\"wp-block-image size-full\"><a href=\"http:\/\/www.triathlonlangognenaussac.fr\/wp-content\/uploads\/2024\/02\/1000021361.jpg\"><img loading=\"lazy\" decoding=\"async\" width=\"960\" height=\"542\" src=\"http:\/\/www.triathlonlangognenaussac.fr\/wp-content\/uploads\/2024\/02\/1000021361.jpg\" alt=\"\" class=\"wp-image-2441\" srcset=\"http:\/\/www.triathlonlangognenaussac.fr\/wp-content\/uploads\/2024\/02\/1000021361.jpg 960w, http:\/\/www.triathlonlangognenaussac.fr\/wp-content\/uploads\/2024\/02\/1000021361-300x169.jpg 300w, http:\/\/www.triathlonlangognenaussac.fr\/wp-content\/uploads\/2024\/02\/1000021361-768x434.jpg 768w\" sizes=\"(max-width: 960px) 100vw, 960px\" \/><\/a><\/figure>\n\n\n\n<figure class=\"wp-block-table\"><table><tbody><tr><td><strong>Pour nous rejoindre<\/strong> : <br><img decoding=\"async\" src=\"https:\/\/ot-langogne.com\/charte\/picto-voiture-acces.jpg\"> En voiture : <strong>N 88<\/strong>&nbsp;Lyon \/ Le-Puy-en-Velay \/Langogne \/ Mende \/ Toulouse<br><strong>D 906<\/strong>&nbsp;Al\u00e8s \/Villefort \/ Langogne<br><strong>N 102<\/strong>&nbsp; A75 \/ Brioude \/ Pradelles (Langogne)\/ Aubenas<br><strong>Autoroutes \u00e0 proximit\u00e9 : A7, A54, A75.<\/strong><br><br><img decoding=\"async\" src=\"https:\/\/ot-langogne.com\/charte\/picto-train-acces.jpg\">En train :<strong>&#8211; Arriv\u00e9e \u00e0 Langogne par la ligne :<\/strong> Paris \/ Clermont-Ferrand \/ N\u00eemes (C\u00e9venol)<br><strong>&#8211; Arriv\u00e9e au Puy-en-Velay par la ligne :<\/strong> Lyon \/ St Etienne \/ Le-Puy-en-Velay<br><br><img decoding=\"async\" src=\"https:\/\/ot-langogne.com\/charte\/picto-bus-acces.jpg\"> En bus :<strong>ligne 1 :<\/strong>&nbsp;<a href=\"https:\/\/www.autocars-lozere.com\/horaire-reseau\/\" target=\"_blank\" rel=\"noreferrer noopener\">Le-Puy-en-Velay\/Langogne\/Mende<\/a>&nbsp;&#8211; autocars-lozere.com<br><strong>ligne 1 :<\/strong>&nbsp;<a href=\"https:\/\/www.hugon-tourisme.com\/autocar-ligne-mende-langogne\/\" target=\"_blank\" rel=\"noreferrer noopener\">Le-Puy-en-Velay\/Langogne\/Mende<\/a>&nbsp;&#8211; hugon-tourisme.com<br><strong>ligne 17 :<\/strong>&nbsp;<a href=\"https:\/\/www.auvergnerhonealpes.fr\/uploads\/TransportInterurbain\/99\/62_230_RARA-ARDECHE-Fiche-horaires-2021-L17-v2-WEB.pdf\" target=\"_blank\" rel=\"noreferrer noopener\">Langogne\/Mayres\/Aubenas<\/a><br><br><img decoding=\"async\" src=\"https:\/\/ot-langogne.com\/charte\/picto-avion-acces.jpg\">En avion : <strong>A\u00e9roports :<\/strong><br>Le-Puy-en-Velay, Clermont-Ferrand, Lyon.<br><strong>A\u00e9rodromes :<\/strong><br>Langogne-Lesp\u00e9ron, Mende<\/td><\/tr><\/tbody><\/table><\/figure>\n","protected":false},"excerpt":{"rendered":"<p>La Loz\u00e8re ???? Mais c&rsquo;est o\u00f9 ?? Pas de panique on vous explique tout ! M\u00eame \u00e0 situer notre beau d\u00e9partement sur une carte de France !! Cliquez ici pour saisir votre itin\u00e9raire : Plan pour venir au Triathlon de Langogne Naussac Suivre la direction de Langogne, quel que soit l&rsquo;endroit d&rsquo;o\u00f9 vous arrivez. Une&hellip;&nbsp;<a href=\"http:\/\/www.triathlonlangognenaussac.fr\/?page_id=2376\" class=\"\" rel=\"bookmark\">Lire la suite &raquo;<span class=\"screen-reader-text\">Comment venir ?<\/span><\/a><\/p>\n","protected":false},"author":1,"featured_media":0,"parent":0,"menu_order":0,"comment_status":"closed","ping_status":"closed","template":"","meta":{"neve_meta_sidebar":"","neve_meta_container":"","neve_meta_enable_content_width":"","neve_meta_content_width":0,"neve_meta_title_alignment":"","neve_meta_author_avatar":"","neve_post_elements_order":"","neve_meta_disable_header":"","neve_meta_disable_footer":"","neve_meta_disable_title":"","_ti_tpc_template_sync":false,"_ti_tpc_template_id":"","footnotes":""},"_links":{"self":[{"href":"http:\/\/www.triathlonlangognenaussac.fr\/index.php?rest_route=\/wp\/v2\/pages\/2376"}],"collection":[{"href":"http:\/\/www.triathlonlangognenaussac.fr\/index.php?rest_route=\/wp\/v2\/pages"}],"about":[{"href":"http:\/\/www.triathlonlangognenaussac.fr\/index.php?rest_route=\/wp\/v2\/types\/page"}],"author":[{"embeddable":true,"href":"http:\/\/www.triathlonlangognenaussac.fr\/index.php?rest_route=\/wp\/v2\/users\/1"}],"replies":[{"embeddable":true,"href":"http:\/\/www.triathlonlangognenaussac.fr\/index.php?rest_route=%2Fwp%2Fv2%2Fcomments&post=2376"}],"version-history":[{"count":6,"href":"http:\/\/www.triathlonlangognenaussac.fr\/index.php?rest_route=\/wp\/v2\/pages\/2376\/revisions"}],"predecessor-version":[{"id":2594,"href":"http:\/\/www.triathlonlangognenaussac.fr\/index.php?rest_route=\/wp\/v2\/pages\/2376\/revisions\/2594"}],"wp:attachment":[{"href":"http:\/\/www.triathlonlangognenaussac.fr\/index.php?rest_route=%2Fwp%2Fv2%2Fmedia&parent=2376"}],"curies":[{"name":"wp","href":"https:\/\/api.w.org\/{rel}","templated":true}]}}