{"id":2840,"date":"2025-08-27T08:52:25","date_gmt":"2025-08-27T08:52:25","guid":{"rendered":"https:\/\/www.triathlonlangognenaussac.fr\/?page_id=2840"},"modified":"2025-08-27T08:52:25","modified_gmt":"2025-08-27T08:52:25","slug":"resultats-2025","status":"publish","type":"page","link":"http:\/\/www.triathlonlangognenaussac.fr\/?page_id=2840","title":{"rendered":"R\u00e9sultats 2025"},"content":{"rendered":"\n<p>Voil\u00e0 les r\u00e9sultats de cette ann\u00e9e ! <\/p>\n\n\n\n<div data-wp-interactive=\"\" class=\"wp-block-file\"><object data-wp-bind--hidden=\"!selectors.core.file.hasPdfPreview\" hidden class=\"wp-block-file__embed\" data=\"https:\/\/www.triathlonlangognenaussac.fr\/wp-content\/uploads\/2025\/08\/resultats-triathlon-distance-m-individuel.pdf\" type=\"application\/pdf\" style=\"width:100%;height:600px\" aria-label=\"Contenu embarqu\u00e9 resultats-triathlon-distance-m-individuel.\"><\/object><a id=\"wp-block-file--media-3654a68c-cf1f-40a6-bbd3-d0a49125fe5b\" href=\"https:\/\/www.triathlonlangognenaussac.fr\/wp-content\/uploads\/2025\/08\/resultats-triathlon-distance-m-individuel.pdf\">resultats-triathlon-distance-m-individuel<\/a><a href=\"https:\/\/www.triathlonlangognenaussac.fr\/wp-content\/uploads\/2025\/08\/resultats-triathlon-distance-m-individuel.pdf\" class=\"wp-block-file__button wp-element-button\" download aria-describedby=\"wp-block-file--media-3654a68c-cf1f-40a6-bbd3-d0a49125fe5b\">T\u00e9l\u00e9charger<\/a><\/div>\n\n\n\n<div data-wp-interactive=\"\" class=\"wp-block-file\"><object data-wp-bind--hidden=\"!selectors.core.file.hasPdfPreview\" hidden class=\"wp-block-file__embed\" data=\"https:\/\/www.triathlonlangognenaussac.fr\/wp-content\/uploads\/2025\/08\/resultats-triathlon-distance-m-relais.pdf\" type=\"application\/pdf\" style=\"width:100%;height:600px\" aria-label=\"Contenu embarqu\u00e9 resultats-triathlon-distance-m-relais.\"><\/object><a id=\"wp-block-file--media-3637e927-6ec0-483c-888f-3cb4f2c49ad4\" href=\"https:\/\/www.triathlonlangognenaussac.fr\/wp-content\/uploads\/2025\/08\/resultats-triathlon-distance-m-relais.pdf\">resultats-triathlon-distance-m-relais<\/a><a href=\"https:\/\/www.triathlonlangognenaussac.fr\/wp-content\/uploads\/2025\/08\/resultats-triathlon-distance-m-relais.pdf\" class=\"wp-block-file__button wp-element-button\" download aria-describedby=\"wp-block-file--media-3637e927-6ec0-483c-888f-3cb4f2c49ad4\">T\u00e9l\u00e9charger<\/a><\/div>\n\n\n\n<div data-wp-interactive=\"\" class=\"wp-block-file\"><object data-wp-bind--hidden=\"!selectors.core.file.hasPdfPreview\" hidden class=\"wp-block-file__embed\" data=\"https:\/\/www.triathlonlangognenaussac.fr\/wp-content\/uploads\/2025\/08\/resultats-cross-triathlon-s-individuel.pdf\" type=\"application\/pdf\" style=\"width:100%;height:600px\" aria-label=\"Contenu embarqu\u00e9 resultats-cross-triathlon-s-individuel.\"><\/object><a id=\"wp-block-file--media-a74284cd-bd1a-4c68-a5d7-45a1c6e56adc\" href=\"https:\/\/www.triathlonlangognenaussac.fr\/wp-content\/uploads\/2025\/08\/resultats-cross-triathlon-s-individuel.pdf\">resultats-cross-triathlon-s-individuel<\/a><a href=\"https:\/\/www.triathlonlangognenaussac.fr\/wp-content\/uploads\/2025\/08\/resultats-cross-triathlon-s-individuel.pdf\" class=\"wp-block-file__button wp-element-button\" download aria-describedby=\"wp-block-file--media-a74284cd-bd1a-4c68-a5d7-45a1c6e56adc\">T\u00e9l\u00e9charger<\/a><\/div>\n\n\n\n<div data-wp-interactive=\"\" class=\"wp-block-file\"><object data-wp-bind--hidden=\"!selectors.core.file.hasPdfPreview\" hidden class=\"wp-block-file__embed\" data=\"https:\/\/www.triathlonlangognenaussac.fr\/wp-content\/uploads\/2025\/08\/resultats-cross-triathlon-s-relais.pdf\" type=\"application\/pdf\" style=\"width:100%;height:600px\" aria-label=\"Contenu embarqu\u00e9 resultats-cross-triathlon-s-relais.\"><\/object><a id=\"wp-block-file--media-fc11438c-ed8f-4b7c-b694-69ba0f26648a\" href=\"https:\/\/www.triathlonlangognenaussac.fr\/wp-content\/uploads\/2025\/08\/resultats-cross-triathlon-s-relais.pdf\">resultats-cross-triathlon-s-relais<\/a><a href=\"https:\/\/www.triathlonlangognenaussac.fr\/wp-content\/uploads\/2025\/08\/resultats-cross-triathlon-s-relais.pdf\" class=\"wp-block-file__button wp-element-button\" download aria-describedby=\"wp-block-file--media-fc11438c-ed8f-4b7c-b694-69ba0f26648a\">T\u00e9l\u00e9charger<\/a><\/div>\n\n\n\n<div data-wp-interactive=\"\" class=\"wp-block-file\"><object data-wp-bind--hidden=\"!selectors.core.file.hasPdfPreview\" hidden class=\"wp-block-file__embed\" data=\"https:\/\/www.triathlonlangognenaussac.fr\/wp-content\/uploads\/2025\/08\/resultats-cross-triathlon-xs-individuel-1.pdf\" type=\"application\/pdf\" style=\"width:100%;height:600px\" aria-label=\"Contenu embarqu\u00e9 resultats-cross-triathlon-xs-individuel-1.\"><\/object><a id=\"wp-block-file--media-ebb57155-c8ec-49bb-ac6f-7a95ab623e83\" href=\"https:\/\/www.triathlonlangognenaussac.fr\/wp-content\/uploads\/2025\/08\/resultats-cross-triathlon-xs-individuel-1.pdf\">resultats-cross-triathlon-xs-individuel-1<\/a><a href=\"https:\/\/www.triathlonlangognenaussac.fr\/wp-content\/uploads\/2025\/08\/resultats-cross-triathlon-xs-individuel-1.pdf\" class=\"wp-block-file__button wp-element-button\" download aria-describedby=\"wp-block-file--media-ebb57155-c8ec-49bb-ac6f-7a95ab623e83\">T\u00e9l\u00e9charger<\/a><\/div>\n\n\n\n<div data-wp-interactive=\"\" class=\"wp-block-file\"><object data-wp-bind--hidden=\"!selectors.core.file.hasPdfPreview\" hidden class=\"wp-block-file__embed\" data=\"https:\/\/www.triathlonlangognenaussac.fr\/wp-content\/uploads\/2025\/08\/resultats-cross-triathlon-xs-relais.pdf\" type=\"application\/pdf\" style=\"width:100%;height:600px\" aria-label=\"Contenu embarqu\u00e9 resultats-cross-triathlon-xs-relais.\"><\/object><a id=\"wp-block-file--media-22318a8d-182c-4ae2-a3a2-98e0bd208d2a\" href=\"https:\/\/www.triathlonlangognenaussac.fr\/wp-content\/uploads\/2025\/08\/resultats-cross-triathlon-xs-relais.pdf\">resultats-cross-triathlon-xs-relais<\/a><a href=\"https:\/\/www.triathlonlangognenaussac.fr\/wp-content\/uploads\/2025\/08\/resultats-cross-triathlon-xs-relais.pdf\" class=\"wp-block-file__button wp-element-button\" download aria-describedby=\"wp-block-file--media-22318a8d-182c-4ae2-a3a2-98e0bd208d2a\">T\u00e9l\u00e9charger<\/a><\/div>\n","protected":false},"excerpt":{"rendered":"<p>Voil\u00e0 les r\u00e9sultats de cette ann\u00e9e !<\/p>\n","protected":false},"author":1,"featured_media":0,"parent":0,"menu_order":0,"comment_status":"closed","ping_status":"closed","template":"","meta":{"neve_meta_sidebar":"","neve_meta_container":"","neve_meta_enable_content_width":"","neve_meta_content_width":0,"neve_meta_title_alignment":"","neve_meta_author_avatar":"","neve_post_elements_order":"","neve_meta_disable_header":"","neve_meta_disable_footer":"","neve_meta_disable_title":"","_ti_tpc_template_sync":false,"_ti_tpc_template_id":"","footnotes":""},"_links":{"self":[{"href":"http:\/\/www.triathlonlangognenaussac.fr\/index.php?rest_route=\/wp\/v2\/pages\/2840"}],"collection":[{"href":"http:\/\/www.triathlonlangognenaussac.fr\/index.php?rest_route=\/wp\/v2\/pages"}],"about":[{"href":"http:\/\/www.triathlonlangognenaussac.fr\/index.php?rest_route=\/wp\/v2\/types\/page"}],"author":[{"embeddable":true,"href":"http:\/\/www.triathlonlangognenaussac.fr\/index.php?rest_route=\/wp\/v2\/users\/1"}],"replies":[{"embeddable":true,"href":"http:\/\/www.triathlonlangognenaussac.fr\/index.php?rest_route=%2Fwp%2Fv2%2Fcomments&post=2840"}],"version-history":[{"count":1,"href":"http:\/\/www.triathlonlangognenaussac.fr\/index.php?rest_route=\/wp\/v2\/pages\/2840\/revisions"}],"predecessor-version":[{"id":2848,"href":"http:\/\/www.triathlonlangognenaussac.fr\/index.php?rest_route=\/wp\/v2\/pages\/2840\/revisions\/2848"}],"wp:attachment":[{"href":"http:\/\/www.triathlonlangognenaussac.fr\/index.php?rest_route=%2Fwp%2Fv2%2Fmedia&parent=2840"}],"curies":[{"name":"wp","href":"https:\/\/api.w.org\/{rel}","templated":true}]}}