{"id":423,"date":"2016-07-25T10:03:06","date_gmt":"2016-07-25T10:03:06","guid":{"rendered":"http:\/\/www.triathlonlangognenaussac.fr\/?page_id=423"},"modified":"2024-02-08T14:23:34","modified_gmt":"2024-02-08T14:23:34","slug":"resultats-2","status":"publish","type":"page","link":"http:\/\/www.triathlonlangognenaussac.fr\/?page_id=423","title":{"rendered":"R\u00e9sultats"},"content":{"rendered":"<p>Bonjour \u00e0 tous !<\/p>\n<p>Vous trouverez ici les r\u00e9sultats des diff\u00e9rentes \u00e9ditions !!<\/p>\n\n\n<figure class=\"wp-block-gallery has-nested-images columns-default is-cropped wp-block-gallery-1 is-layout-flex wp-block-gallery-is-layout-flex\">\n<figure class=\"wp-block-image size-large\"><a href=\"http:\/\/www.triathlonlangognenaussac.fr\/wp-content\/uploads\/2024\/02\/1000021363.jpg\"><img loading=\"lazy\" decoding=\"async\" width=\"683\" height=\"1024\" data-id=\"2494\" src=\"http:\/\/www.triathlonlangognenaussac.fr\/wp-content\/uploads\/2024\/02\/1000021363-683x1024.jpg\" alt=\"\" class=\"wp-image-2494\" srcset=\"http:\/\/www.triathlonlangognenaussac.fr\/wp-content\/uploads\/2024\/02\/1000021363-683x1024.jpg 683w, http:\/\/www.triathlonlangognenaussac.fr\/wp-content\/uploads\/2024\/02\/1000021363-200x300.jpg 200w, http:\/\/www.triathlonlangognenaussac.fr\/wp-content\/uploads\/2024\/02\/1000021363-768x1152.jpg 768w, http:\/\/www.triathlonlangognenaussac.fr\/wp-content\/uploads\/2024\/02\/1000021363-1024x1536.jpg 1024w, http:\/\/www.triathlonlangognenaussac.fr\/wp-content\/uploads\/2024\/02\/1000021363.jpg 1080w\" sizes=\"(max-width: 683px) 100vw, 683px\" \/><\/a><\/figure>\n\n\n\n<figure class=\"wp-block-image size-large\"><a href=\"http:\/\/www.triathlonlangognenaussac.fr\/wp-content\/uploads\/2024\/02\/1000021370.jpg\"><img loading=\"lazy\" decoding=\"async\" width=\"724\" height=\"1024\" data-id=\"2491\" src=\"http:\/\/www.triathlonlangognenaussac.fr\/wp-content\/uploads\/2024\/02\/1000021370-724x1024.jpg\" alt=\"\" class=\"wp-image-2491\" srcset=\"http:\/\/www.triathlonlangognenaussac.fr\/wp-content\/uploads\/2024\/02\/1000021370-724x1024.jpg 724w, http:\/\/www.triathlonlangognenaussac.fr\/wp-content\/uploads\/2024\/02\/1000021370-212x300.jpg 212w, http:\/\/www.triathlonlangognenaussac.fr\/wp-content\/uploads\/2024\/02\/1000021370-768x1087.jpg 768w, http:\/\/www.triathlonlangognenaussac.fr\/wp-content\/uploads\/2024\/02\/1000021370.jpg 1080w\" sizes=\"(max-width: 724px) 100vw, 724px\" \/><\/a><\/figure>\n\n\n\n<figure class=\"wp-block-image size-large\"><a href=\"http:\/\/www.triathlonlangognenaussac.fr\/wp-content\/uploads\/2024\/02\/1000021377.jpg\"><img loading=\"lazy\" decoding=\"async\" width=\"716\" height=\"1024\" data-id=\"2495\" src=\"http:\/\/www.triathlonlangognenaussac.fr\/wp-content\/uploads\/2024\/02\/1000021377-716x1024.jpg\" alt=\"\" class=\"wp-image-2495\" srcset=\"http:\/\/www.triathlonlangognenaussac.fr\/wp-content\/uploads\/2024\/02\/1000021377-716x1024.jpg 716w, http:\/\/www.triathlonlangognenaussac.fr\/wp-content\/uploads\/2024\/02\/1000021377-210x300.jpg 210w, http:\/\/www.triathlonlangognenaussac.fr\/wp-content\/uploads\/2024\/02\/1000021377-768x1098.jpg 768w, http:\/\/www.triathlonlangognenaussac.fr\/wp-content\/uploads\/2024\/02\/1000021377-1074x1536.jpg 1074w, http:\/\/www.triathlonlangognenaussac.fr\/wp-content\/uploads\/2024\/02\/1000021377.jpg 1080w\" sizes=\"(max-width: 716px) 100vw, 716px\" \/><\/a><\/figure>\n\n\n\n<figure class=\"wp-block-image size-large\"><a href=\"http:\/\/www.triathlonlangognenaussac.fr\/wp-content\/uploads\/2024\/02\/1000021362.jpg\"><img loading=\"lazy\" decoding=\"async\" width=\"716\" height=\"1024\" data-id=\"2493\" src=\"http:\/\/www.triathlonlangognenaussac.fr\/wp-content\/uploads\/2024\/02\/1000021362-716x1024.jpg\" alt=\"\" class=\"wp-image-2493\" srcset=\"http:\/\/www.triathlonlangognenaussac.fr\/wp-content\/uploads\/2024\/02\/1000021362-716x1024.jpg 716w, http:\/\/www.triathlonlangognenaussac.fr\/wp-content\/uploads\/2024\/02\/1000021362-210x300.jpg 210w, http:\/\/www.triathlonlangognenaussac.fr\/wp-content\/uploads\/2024\/02\/1000021362-768x1098.jpg 768w, http:\/\/www.triathlonlangognenaussac.fr\/wp-content\/uploads\/2024\/02\/1000021362.jpg 996w\" sizes=\"(max-width: 716px) 100vw, 716px\" \/><\/a><\/figure>\n\n\n\n<figure class=\"wp-block-image size-large\"><a href=\"http:\/\/www.triathlonlangognenaussac.fr\/wp-content\/uploads\/2024\/02\/1000021365.jpg\"><img loading=\"lazy\" decoding=\"async\" width=\"755\" height=\"1024\" data-id=\"2490\" src=\"http:\/\/www.triathlonlangognenaussac.fr\/wp-content\/uploads\/2024\/02\/1000021365-755x1024.jpg\" alt=\"\" class=\"wp-image-2490\" srcset=\"http:\/\/www.triathlonlangognenaussac.fr\/wp-content\/uploads\/2024\/02\/1000021365-755x1024.jpg 755w, http:\/\/www.triathlonlangognenaussac.fr\/wp-content\/uploads\/2024\/02\/1000021365-221x300.jpg 221w, http:\/\/www.triathlonlangognenaussac.fr\/wp-content\/uploads\/2024\/02\/1000021365-768x1042.jpg 768w, http:\/\/www.triathlonlangognenaussac.fr\/wp-content\/uploads\/2024\/02\/1000021365.jpg 1080w\" sizes=\"(max-width: 755px) 100vw, 755px\" \/><\/a><\/figure>\n\n\n\n<figure class=\"wp-block-image size-large\"><a href=\"http:\/\/www.triathlonlangognenaussac.fr\/wp-content\/uploads\/2024\/02\/1000021364.jpg\"><img loading=\"lazy\" decoding=\"async\" width=\"724\" height=\"1024\" data-id=\"2489\" src=\"http:\/\/www.triathlonlangognenaussac.fr\/wp-content\/uploads\/2024\/02\/1000021364-724x1024.jpg\" alt=\"\" class=\"wp-image-2489\" srcset=\"http:\/\/www.triathlonlangognenaussac.fr\/wp-content\/uploads\/2024\/02\/1000021364-724x1024.jpg 724w, http:\/\/www.triathlonlangognenaussac.fr\/wp-content\/uploads\/2024\/02\/1000021364-212x300.jpg 212w, http:\/\/www.triathlonlangognenaussac.fr\/wp-content\/uploads\/2024\/02\/1000021364-768x1086.jpg 768w, http:\/\/www.triathlonlangognenaussac.fr\/wp-content\/uploads\/2024\/02\/1000021364.jpg 1080w\" sizes=\"(max-width: 724px) 100vw, 724px\" \/><\/a><\/figure>\n\n\n\n<figure class=\"wp-block-image size-large\"><a href=\"http:\/\/www.triathlonlangognenaussac.fr\/wp-content\/uploads\/2024\/02\/1000021367.jpg\"><img loading=\"lazy\" decoding=\"async\" width=\"724\" height=\"1024\" data-id=\"2492\" src=\"http:\/\/www.triathlonlangognenaussac.fr\/wp-content\/uploads\/2024\/02\/1000021367-724x1024.jpg\" alt=\"\" class=\"wp-image-2492\" srcset=\"http:\/\/www.triathlonlangognenaussac.fr\/wp-content\/uploads\/2024\/02\/1000021367-724x1024.jpg 724w, http:\/\/www.triathlonlangognenaussac.fr\/wp-content\/uploads\/2024\/02\/1000021367-212x300.jpg 212w, http:\/\/www.triathlonlangognenaussac.fr\/wp-content\/uploads\/2024\/02\/1000021367-768x1087.jpg 768w, http:\/\/www.triathlonlangognenaussac.fr\/wp-content\/uploads\/2024\/02\/1000021367.jpg 1080w\" sizes=\"(max-width: 724px) 100vw, 724px\" \/><\/a><\/figure>\n\n\n\n<figure class=\"wp-block-image size-large\"><a href=\"http:\/\/www.triathlonlangognenaussac.fr\/wp-content\/uploads\/2024\/02\/1000021368.jpg\"><img loading=\"lazy\" decoding=\"async\" width=\"752\" height=\"960\" data-id=\"2497\" src=\"http:\/\/www.triathlonlangognenaussac.fr\/wp-content\/uploads\/2024\/02\/1000021368.jpg\" alt=\"\" class=\"wp-image-2497\" srcset=\"http:\/\/www.triathlonlangognenaussac.fr\/wp-content\/uploads\/2024\/02\/1000021368.jpg 752w, http:\/\/www.triathlonlangognenaussac.fr\/wp-content\/uploads\/2024\/02\/1000021368-235x300.jpg 235w\" sizes=\"(max-width: 752px) 100vw, 752px\" \/><\/a><\/figure>\n\n\n\n<figure class=\"wp-block-image size-large\"><a href=\"http:\/\/www.triathlonlangognenaussac.fr\/wp-content\/uploads\/2024\/02\/1000021366.jpg\"><img loading=\"lazy\" decoding=\"async\" width=\"737\" height=\"1024\" data-id=\"2496\" src=\"http:\/\/www.triathlonlangognenaussac.fr\/wp-content\/uploads\/2024\/02\/1000021366-737x1024.jpg\" alt=\"\" class=\"wp-image-2496\" srcset=\"http:\/\/www.triathlonlangognenaussac.fr\/wp-content\/uploads\/2024\/02\/1000021366-737x1024.jpg 737w, http:\/\/www.triathlonlangognenaussac.fr\/wp-content\/uploads\/2024\/02\/1000021366-216x300.jpg 216w, http:\/\/www.triathlonlangognenaussac.fr\/wp-content\/uploads\/2024\/02\/1000021366-768x1067.jpg 768w, http:\/\/www.triathlonlangognenaussac.fr\/wp-content\/uploads\/2024\/02\/1000021366.jpg 1080w\" sizes=\"(max-width: 737px) 100vw, 737px\" \/><\/a><\/figure>\n<\/figure>\n","protected":false},"excerpt":{"rendered":"<p>Bonjour \u00e0 tous ! Vous trouverez ici les r\u00e9sultats des diff\u00e9rentes \u00e9ditions !!<\/p>\n","protected":false},"author":1,"featured_media":0,"parent":0,"menu_order":0,"comment_status":"closed","ping_status":"closed","template":"","meta":{"neve_meta_sidebar":"","neve_meta_container":"","neve_meta_enable_content_width":"","neve_meta_content_width":0,"neve_meta_title_alignment":"","neve_meta_author_avatar":"","neve_post_elements_order":"","neve_meta_disable_header":"","neve_meta_disable_footer":"","neve_meta_disable_title":"","_ti_tpc_template_sync":false,"_ti_tpc_template_id":"","footnotes":""},"_links":{"self":[{"href":"http:\/\/www.triathlonlangognenaussac.fr\/index.php?rest_route=\/wp\/v2\/pages\/423"}],"collection":[{"href":"http:\/\/www.triathlonlangognenaussac.fr\/index.php?rest_route=\/wp\/v2\/pages"}],"about":[{"href":"http:\/\/www.triathlonlangognenaussac.fr\/index.php?rest_route=\/wp\/v2\/types\/page"}],"author":[{"embeddable":true,"href":"http:\/\/www.triathlonlangognenaussac.fr\/index.php?rest_route=\/wp\/v2\/users\/1"}],"replies":[{"embeddable":true,"href":"http:\/\/www.triathlonlangognenaussac.fr\/index.php?rest_route=%2Fwp%2Fv2%2Fcomments&post=423"}],"version-history":[{"count":3,"href":"http:\/\/www.triathlonlangognenaussac.fr\/index.php?rest_route=\/wp\/v2\/pages\/423\/revisions"}],"predecessor-version":[{"id":2499,"href":"http:\/\/www.triathlonlangognenaussac.fr\/index.php?rest_route=\/wp\/v2\/pages\/423\/revisions\/2499"}],"wp:attachment":[{"href":"http:\/\/www.triathlonlangognenaussac.fr\/index.php?rest_route=%2Fwp%2Fv2%2Fmedia&parent=423"}],"curies":[{"name":"wp","href":"https:\/\/api.w.org\/{rel}","templated":true}]}}