{"id":43,"date":"2015-01-27T17:22:42","date_gmt":"2015-01-27T17:22:42","guid":{"rendered":"http:\/\/www.triathlonlangognenaussac.fr\/?page_id=43"},"modified":"2026-05-12T22:03:00","modified_gmt":"2026-05-12T22:03:00","slug":"course-xs","status":"publish","type":"page","link":"http:\/\/www.triathlonlangognenaussac.fr\/?page_id=43","title":{"rendered":"XS Cross Triathlon"},"content":{"rendered":"\n<figure class=\"wp-block-table aligncenter\"><table><tbody><tr><td><strong>Tarifs<\/strong><\/td><td>Licenci\u00e9 <strong>10\u20ac<\/strong><\/td><td class=\"has-text-align-center\" data-align=\"center\">Non licenci\u00e9 <strong>17\u20ac <\/strong><br>(13 + 4\u20ac licence exp\u00e9rience obligatoire)<\/td><td class=\"has-text-align-center\" data-align=\"center\">Relais&nbsp;: (prix par relayeur) <strong>12\u20ac<\/strong><br>(8 + 4\u20ac licence exp\u00e9rience obligatoire)<\/td><\/tr><tr><td><strong>\u00c2ge minimum<\/strong><\/td><td colspan=\"2\"><strong>12 ans<\/strong> (N\u00e9s en 2012)<\/td><td class=\"has-text-align-center\" data-align=\"center\"><strong>12 ans<\/strong> (n\u00e9s en 2012) <\/td><\/tr><tr><td><strong>Retrait des dossards<\/strong><\/td><td colspan=\"3\">Samedi 18 Juillet 2026 14h00-15h30<\/td><\/tr><tr><td><strong>Ouverture parc \u00e0 v\u00e9los<\/strong><\/td><td colspan=\"3\">16h00<\/td><\/tr><tr><td><strong>Fermeture parc \u00e0 v\u00e9los<\/strong><\/td><td colspan=\"3\">16h45<\/td><\/tr><tr><td><strong>Briefing<\/strong><strong><\/strong><\/td><td colspan=\"3\">17h25<\/td><\/tr><tr><td><strong>D\u00e9part<\/strong><strong><\/strong><\/td><td colspan=\"3\"><strong>17h30<\/strong><\/td><\/tr><tr><td><strong>Remise des prix<\/strong><\/td><td colspan=\"3\">D\u00e8s l\u2019arriv\u00e9e du dernier concurrent du S<\/td><\/tr><tr><td><strong>Sortie des v\u00e9los du parc<\/strong><\/td><td colspan=\"3\">Jusqu\u2019\u00e0 19h00 dernier d\u00e9lai<\/td><\/tr><\/tbody><\/table><\/figure>\n\n\n\n<div class=\"wp-block-columns is-layout-flex wp-container-core-columns-layout-1 wp-block-columns-is-layout-flex\">\n<div class=\"wp-block-column is-layout-flow wp-block-column-is-layout-flow\">\n<h2 class=\"wp-block-heading has-text-align-center\">Natation : <\/h2>\n<\/div>\n\n\n\n<div class=\"wp-block-column is-layout-flow wp-block-column-is-layout-flow\">\n<h2 class=\"wp-block-heading has-text-align-center\">VTT :<\/h2>\n<\/div>\n\n\n\n<div class=\"wp-block-column is-layout-flow wp-block-column-is-layout-flow\">\n<h2 class=\"wp-block-heading has-text-align-center\">Trail : <\/h2>\n<\/div>\n<\/div>\n\n\n\n<div class=\"wp-block-columns is-layout-flex wp-container-core-columns-layout-2 wp-block-columns-is-layout-flex\">\n<div class=\"wp-block-column is-layout-flow wp-block-column-is-layout-flow\"><div class=\"wp-block-image\">\n<figure class=\"aligncenter size-full is-resized\"><a href=\"http:\/\/www.triathlonlangognenaussac.fr\/wp-content\/uploads\/2022\/03\/Natation-XS.jpg\"><img loading=\"lazy\" decoding=\"async\" width=\"636\" height=\"584\" src=\"http:\/\/www.triathlonlangognenaussac.fr\/wp-content\/uploads\/2022\/03\/Natation-XS.jpg\" alt=\"\" class=\"wp-image-1906\" style=\"width:323px;height:auto\" srcset=\"http:\/\/www.triathlonlangognenaussac.fr\/wp-content\/uploads\/2022\/03\/Natation-XS.jpg 636w, http:\/\/www.triathlonlangognenaussac.fr\/wp-content\/uploads\/2022\/03\/Natation-XS-300x275.jpg 300w, http:\/\/www.triathlonlangognenaussac.fr\/wp-content\/uploads\/2022\/03\/Natation-XS-600x551.jpg 600w\" sizes=\"(max-width: 636px) 100vw, 636px\" \/><\/a><\/figure><\/div><\/div>\n\n\n\n<div class=\"wp-block-column is-layout-flow wp-block-column-is-layout-flow\"><div class=\"wp-block-image\">\n<figure class=\"aligncenter size-large is-resized\"><a href=\"http:\/\/www.triathlonlangognenaussac.fr\/wp-content\/uploads\/2025\/03\/VTT-XS-Trail-S.png\"><img loading=\"lazy\" decoding=\"async\" width=\"1024\" height=\"703\" src=\"http:\/\/www.triathlonlangognenaussac.fr\/wp-content\/uploads\/2025\/03\/VTT-XS-Trail-S-1024x703.png\" alt=\"\" class=\"wp-image-2755\" style=\"width:413px;height:auto\" srcset=\"http:\/\/www.triathlonlangognenaussac.fr\/wp-content\/uploads\/2025\/03\/VTT-XS-Trail-S-1024x703.png 1024w, http:\/\/www.triathlonlangognenaussac.fr\/wp-content\/uploads\/2025\/03\/VTT-XS-Trail-S-300x206.png 300w, http:\/\/www.triathlonlangognenaussac.fr\/wp-content\/uploads\/2025\/03\/VTT-XS-Trail-S-768x527.png 768w, http:\/\/www.triathlonlangognenaussac.fr\/wp-content\/uploads\/2025\/03\/VTT-XS-Trail-S.png 1130w\" sizes=\"(max-width: 1024px) 100vw, 1024px\" \/><\/a><\/figure><\/div><\/div>\n\n\n\n<div class=\"wp-block-column is-layout-flow wp-block-column-is-layout-flow\"><div class=\"wp-block-image\">\n<figure class=\"aligncenter size-large is-resized\"><a href=\"https:\/\/www.triathlonlangognenaussac.fr\/wp-content\/uploads\/2025\/03\/Trail-XS-2025.png\"><img loading=\"lazy\" decoding=\"async\" width=\"1024\" height=\"713\" src=\"https:\/\/www.triathlonlangognenaussac.fr\/wp-content\/uploads\/2025\/03\/Trail-XS-2025-1024x713.png\" alt=\"\" class=\"wp-image-2758\" style=\"width:398px;height:auto\" srcset=\"http:\/\/www.triathlonlangognenaussac.fr\/wp-content\/uploads\/2025\/03\/Trail-XS-2025-1024x713.png 1024w, http:\/\/www.triathlonlangognenaussac.fr\/wp-content\/uploads\/2025\/03\/Trail-XS-2025-300x209.png 300w, http:\/\/www.triathlonlangognenaussac.fr\/wp-content\/uploads\/2025\/03\/Trail-XS-2025-768x535.png 768w, http:\/\/www.triathlonlangognenaussac.fr\/wp-content\/uploads\/2025\/03\/Trail-XS-2025.png 1112w\" sizes=\"(max-width: 1024px) 100vw, 1024px\" \/><\/a><\/figure><\/div><\/div>\n<\/div>\n\n\n\n<div class=\"wp-block-columns is-layout-flex wp-container-core-columns-layout-3 wp-block-columns-is-layout-flex\">\n<div class=\"wp-block-column is-layout-flow wp-block-column-is-layout-flow\">\n<p class=\"has-text-align-center\">200m de natation \u00e0 parcourir sous la forme d&rsquo;une boucle autour de bou\u00e9es. <\/p>\n<\/div>\n\n\n\n<div class=\"wp-block-column is-layout-flow wp-block-column-is-layout-flow\">\n<p class=\"has-text-align-center\">Un tour de 5,5 km en direction du Mas d&rsquo;Armand qui vous permettra de (re)d\u00e9couvrir le plan d&rsquo;eau de Naussac. <\/p>\n<\/div>\n\n\n\n<div class=\"wp-block-column is-layout-flow wp-block-column-is-layout-flow\">\n<p class=\"has-text-align-center\">Un aller retour de 2,2 km de trail sur le sentier du bord du Lac.<\/p>\n<\/div>\n<\/div>\n\n\n\n<div class=\"wp-block-columns is-layout-flex wp-container-core-columns-layout-4 wp-block-columns-is-layout-flex\">\n<div class=\"wp-block-column is-layout-flow wp-block-column-is-layout-flow\"><div class=\"wp-block-image\">\n<figure class=\"aligncenter size-large\"><a href=\"http:\/\/www.triathlonlangognenaussac.fr\/wp-content\/uploads\/2024\/02\/1000021462-1.jpg\"><img loading=\"lazy\" decoding=\"async\" width=\"1024\" height=\"584\" src=\"http:\/\/www.triathlonlangognenaussac.fr\/wp-content\/uploads\/2024\/02\/1000021462-1-1024x584.jpg\" alt=\"\" class=\"wp-image-2475\" srcset=\"http:\/\/www.triathlonlangognenaussac.fr\/wp-content\/uploads\/2024\/02\/1000021462-1-1024x584.jpg 1024w, http:\/\/www.triathlonlangognenaussac.fr\/wp-content\/uploads\/2024\/02\/1000021462-1-300x171.jpg 300w, http:\/\/www.triathlonlangognenaussac.fr\/wp-content\/uploads\/2024\/02\/1000021462-1-768x438.jpg 768w, http:\/\/www.triathlonlangognenaussac.fr\/wp-content\/uploads\/2024\/02\/1000021462-1-1536x876.jpg 1536w, http:\/\/www.triathlonlangognenaussac.fr\/wp-content\/uploads\/2024\/02\/1000021462-1.jpg 1732w\" sizes=\"(max-width: 1024px) 100vw, 1024px\" \/><\/a><\/figure><\/div><\/div>\n\n\n\n<div class=\"wp-block-column is-layout-flow wp-block-column-is-layout-flow\">\n<figure class=\"wp-block-image size-large\"><a href=\"http:\/\/www.triathlonlangognenaussac.fr\/wp-content\/uploads\/2024\/02\/1000021449-scaled.jpg\"><img loading=\"lazy\" decoding=\"async\" width=\"1024\" height=\"461\" src=\"http:\/\/www.triathlonlangognenaussac.fr\/wp-content\/uploads\/2024\/02\/1000021449-1024x461.jpg\" alt=\"\" class=\"wp-image-2458\" srcset=\"http:\/\/www.triathlonlangognenaussac.fr\/wp-content\/uploads\/2024\/02\/1000021449-1024x461.jpg 1024w, http:\/\/www.triathlonlangognenaussac.fr\/wp-content\/uploads\/2024\/02\/1000021449-300x135.jpg 300w, http:\/\/www.triathlonlangognenaussac.fr\/wp-content\/uploads\/2024\/02\/1000021449-768x346.jpg 768w, http:\/\/www.triathlonlangognenaussac.fr\/wp-content\/uploads\/2024\/02\/1000021449-1536x691.jpg 1536w, http:\/\/www.triathlonlangognenaussac.fr\/wp-content\/uploads\/2024\/02\/1000021449-2048x922.jpg 2048w\" sizes=\"(max-width: 1024px) 100vw, 1024px\" \/><\/a><\/figure>\n<\/div>\n\n\n\n<div class=\"wp-block-column is-layout-flow wp-block-column-is-layout-flow\"><div class=\"wp-block-image\">\n<figure class=\"aligncenter size-large is-resized\"><a href=\"http:\/\/www.triathlonlangognenaussac.fr\/wp-content\/uploads\/2024\/02\/1000021439-scaled.jpg\"><img loading=\"lazy\" decoding=\"async\" width=\"1084\" height=\"2410\" src=\"https:\/\/www.triathlonlangognenaussac.fr\/wp-content\/uploads\/2025\/01\/1000021439-edited.jpg\" alt=\"\" class=\"wp-image-2727\" style=\"width:184px;height:auto\" srcset=\"http:\/\/www.triathlonlangognenaussac.fr\/wp-content\/uploads\/2025\/01\/1000021439-edited.jpg 1084w, http:\/\/www.triathlonlangognenaussac.fr\/wp-content\/uploads\/2025\/01\/1000021439-edited-135x300.jpg 135w, http:\/\/www.triathlonlangognenaussac.fr\/wp-content\/uploads\/2025\/01\/1000021439-edited-461x1024.jpg 461w, http:\/\/www.triathlonlangognenaussac.fr\/wp-content\/uploads\/2025\/01\/1000021439-edited-768x1707.jpg 768w, http:\/\/www.triathlonlangognenaussac.fr\/wp-content\/uploads\/2025\/01\/1000021439-edited-691x1536.jpg 691w, http:\/\/www.triathlonlangognenaussac.fr\/wp-content\/uploads\/2025\/01\/1000021439-edited-921x2048.jpg 921w\" sizes=\"(max-width: 1084px) 100vw, 1084px\" \/><\/a><\/figure><\/div><\/div>\n<\/div>\n\n\n\n<p><strong><u>Le bulletin d\u2019inscription devra \u00eatre rempli et accompagn\u00e9 des documents suivants :<\/u><\/strong><\/p>\n\n\n\n<p>&#8211; Pour les personnes non licenci\u00e9es, un certificat m\u00e9dical de non contre-indication \u00e0 la pratique du Triathlon en comp\u00e9tition <strong><u>datant de moins d\u2019un an avant l\u2019\u00e9preuve<\/u><\/strong> ou le formulaire info sant\u00e9 (doc. ci-dessous)<\/p>\n\n\n\n<div data-wp-interactive=\"\" class=\"wp-block-file\"><object data-wp-bind--hidden=\"!selectors.core.file.hasPdfPreview\" hidden class=\"wp-block-file__embed\" data=\"https:\/\/www.triathlonlangognenaussac.fr\/wp-content\/uploads\/2025\/01\/FIS-2024.pdf\" type=\"application\/pdf\" style=\"width:100%;height:200px\" aria-label=\"Contenu embarqu\u00e9 Formulaire info sant\u00e9.\"><\/object><a id=\"wp-block-file--media-9b95db5a-69a9-49b3-920a-a2d7391eab91\" href=\"https:\/\/www.triathlonlangognenaussac.fr\/wp-content\/uploads\/2025\/01\/FIS-2024.pdf\">Formulaire info sant\u00e9<\/a><a href=\"https:\/\/www.triathlonlangognenaussac.fr\/wp-content\/uploads\/2025\/01\/FIS-2024.pdf\" class=\"wp-block-file__button wp-element-button\" download aria-describedby=\"wp-block-file--media-9b95db5a-69a9-49b3-920a-a2d7391eab91\">T\u00e9l\u00e9charger<\/a><\/div>\n\n\n\n<p>&#8211; Pour les licenci\u00e9s, merci de pr\u00e9senter votre Licence FFTRI en cours de validit\u00e9.<\/p>\n\n\n\n<p>&#8211; Pour les participants mineurs, une autorisation parentale (jointe au dossier d\u2019inscription)<\/p>\n\n\n\n<p>&#8211; Les licences FF Athl\u00e9tisme et FF Cyclisme et FF Natation ne pourront \u00eatre accept\u00e9es que dans le cadre du relais. (c.f. R\u00e8glementation FFTRI)<\/p>\n","protected":false},"excerpt":{"rendered":"<p>Tarifs Licenci\u00e9 10\u20ac Non licenci\u00e9 17\u20ac (13 + 4\u20ac licence exp\u00e9rience obligatoire) Relais&nbsp;: (prix par relayeur) 12\u20ac(8 + 4\u20ac licence exp\u00e9rience obligatoire) \u00c2ge minimum 12 ans (N\u00e9s en 2012) 12 ans (n\u00e9s en 2012) Retrait des dossards Samedi 18 Juillet 2026 14h00-15h30 Ouverture parc \u00e0 v\u00e9los 16h00 Fermeture parc \u00e0 v\u00e9los 16h45 Briefing 17h25 D\u00e9part&hellip;&nbsp;<a href=\"http:\/\/www.triathlonlangognenaussac.fr\/?page_id=43\" class=\"\" rel=\"bookmark\">Lire la suite &raquo;<span class=\"screen-reader-text\">XS Cross Triathlon<\/span><\/a><\/p>\n","protected":false},"author":1,"featured_media":0,"parent":0,"menu_order":0,"comment_status":"open","ping_status":"closed","template":"","meta":{"neve_meta_sidebar":"","neve_meta_container":"","neve_meta_enable_content_width":"","neve_meta_content_width":0,"neve_meta_title_alignment":"","neve_meta_author_avatar":"","neve_post_elements_order":"","neve_meta_disable_header":"","neve_meta_disable_footer":"","neve_meta_disable_title":"","_ti_tpc_template_sync":false,"_ti_tpc_template_id":"","footnotes":""},"_links":{"self":[{"href":"http:\/\/www.triathlonlangognenaussac.fr\/index.php?rest_route=\/wp\/v2\/pages\/43"}],"collection":[{"href":"http:\/\/www.triathlonlangognenaussac.fr\/index.php?rest_route=\/wp\/v2\/pages"}],"about":[{"href":"http:\/\/www.triathlonlangognenaussac.fr\/index.php?rest_route=\/wp\/v2\/types\/page"}],"author":[{"embeddable":true,"href":"http:\/\/www.triathlonlangognenaussac.fr\/index.php?rest_route=\/wp\/v2\/users\/1"}],"replies":[{"embeddable":true,"href":"http:\/\/www.triathlonlangognenaussac.fr\/index.php?rest_route=%2Fwp%2Fv2%2Fcomments&post=43"}],"version-history":[{"count":30,"href":"http:\/\/www.triathlonlangognenaussac.fr\/index.php?rest_route=\/wp\/v2\/pages\/43\/revisions"}],"predecessor-version":[{"id":2950,"href":"http:\/\/www.triathlonlangognenaussac.fr\/index.php?rest_route=\/wp\/v2\/pages\/43\/revisions\/2950"}],"wp:attachment":[{"href":"http:\/\/www.triathlonlangognenaussac.fr\/index.php?rest_route=%2Fwp%2Fv2%2Fmedia&parent=43"}],"curies":[{"name":"wp","href":"https:\/\/api.w.org\/{rel}","templated":true}]}}