{"id":47,"date":"2015-01-27T17:26:23","date_gmt":"2015-01-27T17:26:23","guid":{"rendered":"http:\/\/www.triathlonlangognenaussac.fr\/?page_id=47"},"modified":"2026-02-06T23:01:08","modified_gmt":"2026-02-06T23:01:08","slug":"s","status":"publish","type":"page","link":"http:\/\/www.triathlonlangognenaussac.fr\/?page_id=47","title":{"rendered":"S Cross Triathlon"},"content":{"rendered":"\n<figure class=\"wp-block-table aligncenter\"><table><tbody><tr><td><strong>Tarifs<\/strong><\/td><td class=\"has-text-align-center\" data-align=\"center\">Licenci\u00e9 <strong>25\u20ac<\/strong><\/td><td class=\"has-text-align-center\" data-align=\"center\">Non licenci\u00e9 <strong>32\u20ac<\/strong> <br>(25 + 7\u20ac  licence exp\u00e9rience obligatoire)<\/td><td class=\"has-text-align-center\" data-align=\"center\">Relais\u00a0: (prix par relayeur) <strong>17\u20ac<\/strong><br>(13 + 4\u20ac  licence exp\u00e9rience obligatoire)<\/td><\/tr><tr><td><strong>\u00c2ge minimum<\/strong><\/td><td class=\"has-text-align-center\" data-align=\"center\" colspan=\"2\"><strong>16 ans<\/strong> (N\u00e9s en 2010)<\/td><td class=\"has-text-align-center\" data-align=\"center\"><strong>16 ans<\/strong> (n\u00e9s en 2010) <\/td><\/tr><tr><td><strong>Retrait des dossards<\/strong><\/td><td class=\"has-text-align-center\" data-align=\"center\" colspan=\"3\">Samedi 18 Juillet 2025 14h00-15h30<\/td><\/tr><tr><td><strong>Ouverture parc \u00e0 v\u00e9los<\/strong><\/td><td class=\"has-text-align-center\" data-align=\"center\" colspan=\"3\">16h00<\/td><\/tr><tr><td><strong>Fermeture parc \u00e0 v\u00e9los<\/strong><\/td><td class=\"has-text-align-center\" data-align=\"center\" colspan=\"3\">16h45<\/td><\/tr><tr><td><strong>Briefing<\/strong><strong><\/strong><\/td><td class=\"has-text-align-center\" data-align=\"center\" colspan=\"3\">16h55<\/td><\/tr><tr><td><strong>D\u00e9part<\/strong><strong><\/strong><\/td><td class=\"has-text-align-center\" data-align=\"center\" colspan=\"3\"><strong>17h00<\/strong><\/td><\/tr><tr><td><strong>Remise des prix<\/strong><\/td><td class=\"has-text-align-center\" data-align=\"center\" colspan=\"3\">D\u00e8s l\u2019arriv\u00e9e du dernier concurrent du S<\/td><\/tr><tr><td><strong>Sortie des v\u00e9los du parc<\/strong><\/td><td class=\"has-text-align-center\" data-align=\"center\" colspan=\"3\">Jusqu\u2019\u00e0 19h00 dernier d\u00e9lai<\/td><\/tr><\/tbody><\/table><\/figure>\n\n\n\n<div class=\"wp-block-columns is-layout-flex wp-container-core-columns-layout-1 wp-block-columns-is-layout-flex\">\n<div class=\"wp-block-column is-layout-flow wp-block-column-is-layout-flow\">\n<h2 class=\"wp-block-heading has-text-align-center\">Natation : <\/h2>\n<\/div>\n\n\n\n<div class=\"wp-block-column is-layout-flow wp-block-column-is-layout-flow\">\n<h2 class=\"wp-block-heading has-text-align-center\">VTT : <\/h2>\n<\/div>\n\n\n\n<div class=\"wp-block-column is-layout-flow wp-block-column-is-layout-flow\">\n<h2 class=\"wp-block-heading has-text-align-center\">Trail : <\/h2>\n<\/div>\n<\/div>\n\n\n\n<div class=\"wp-block-columns is-layout-flex wp-container-core-columns-layout-2 wp-block-columns-is-layout-flex\">\n<div class=\"wp-block-column is-layout-flow wp-block-column-is-layout-flow\">\n<figure class=\"wp-block-image size-full\"><a href=\"http:\/\/www.triathlonlangognenaussac.fr\/wp-content\/uploads\/2025\/01\/Natation-SM-Tri-edited-1.png\"><img loading=\"lazy\" decoding=\"async\" width=\"745\" height=\"419\" src=\"http:\/\/www.triathlonlangognenaussac.fr\/wp-content\/uploads\/2025\/01\/Natation-SM-Tri-edited-1.png\" alt=\"\" class=\"wp-image-2705\" srcset=\"http:\/\/www.triathlonlangognenaussac.fr\/wp-content\/uploads\/2025\/01\/Natation-SM-Tri-edited-1.png 745w, http:\/\/www.triathlonlangognenaussac.fr\/wp-content\/uploads\/2025\/01\/Natation-SM-Tri-edited-1-300x169.png 300w\" sizes=\"(max-width: 745px) 100vw, 745px\" \/><\/a><\/figure>\n<\/div>\n\n\n\n<div class=\"wp-block-column is-layout-flow wp-block-column-is-layout-flow\">\n<figure class=\"wp-block-image size-full is-resized\"><a href=\"https:\/\/www.triathlonlangognenaussac.fr\/wp-content\/uploads\/2025\/03\/S-vtt-2025.png\"><img loading=\"lazy\" decoding=\"async\" width=\"1146\" height=\"778\" src=\"https:\/\/www.triathlonlangognenaussac.fr\/wp-content\/uploads\/2025\/03\/S-vtt-2025.png\" alt=\"\" class=\"wp-image-2760\" style=\"width:442px;height:auto\" srcset=\"http:\/\/www.triathlonlangognenaussac.fr\/wp-content\/uploads\/2025\/03\/S-vtt-2025.png 1146w, http:\/\/www.triathlonlangognenaussac.fr\/wp-content\/uploads\/2025\/03\/S-vtt-2025-300x204.png 300w, http:\/\/www.triathlonlangognenaussac.fr\/wp-content\/uploads\/2025\/03\/S-vtt-2025-1024x695.png 1024w, http:\/\/www.triathlonlangognenaussac.fr\/wp-content\/uploads\/2025\/03\/S-vtt-2025-768x521.png 768w\" sizes=\"(max-width: 1146px) 100vw, 1146px\" \/><\/a><\/figure>\n<\/div>\n\n\n\n<div class=\"wp-block-column is-layout-flow wp-block-column-is-layout-flow\">\n<figure class=\"wp-block-image size-full is-resized\"><a href=\"https:\/\/www.triathlonlangognenaussac.fr\/wp-content\/uploads\/2025\/03\/VTT-XS-Trail-S.png\"><img loading=\"lazy\" decoding=\"async\" width=\"1130\" height=\"776\" src=\"https:\/\/www.triathlonlangognenaussac.fr\/wp-content\/uploads\/2025\/03\/VTT-XS-Trail-S.png\" alt=\"\" class=\"wp-image-2755\" style=\"width:415px;height:auto\" srcset=\"http:\/\/www.triathlonlangognenaussac.fr\/wp-content\/uploads\/2025\/03\/VTT-XS-Trail-S.png 1130w, http:\/\/www.triathlonlangognenaussac.fr\/wp-content\/uploads\/2025\/03\/VTT-XS-Trail-S-300x206.png 300w, http:\/\/www.triathlonlangognenaussac.fr\/wp-content\/uploads\/2025\/03\/VTT-XS-Trail-S-1024x703.png 1024w, http:\/\/www.triathlonlangognenaussac.fr\/wp-content\/uploads\/2025\/03\/VTT-XS-Trail-S-768x527.png 768w\" sizes=\"(max-width: 1130px) 100vw, 1130px\" \/><\/a><\/figure>\n<\/div>\n<\/div>\n\n\n\n<div class=\"wp-block-columns is-layout-flex wp-container-core-columns-layout-3 wp-block-columns-is-layout-flex\">\n<div class=\"wp-block-column is-layout-flow wp-block-column-is-layout-flow\">\n<p class=\"has-text-align-center\">Sur ce format, une boucle de 500 m de natation est \u00e0 parcourir autour de bou\u00e9es. <\/p>\n<\/div>\n\n\n\n<div class=\"wp-block-column is-layout-flow wp-block-column-is-layout-flow\">\n<p class=\"has-text-align-center\">Apr\u00e8s avoir retir\u00e9 bonnet et combinaison, en selle pour 14,4 km de VTT sur une boucle au terrain vari\u00e9 qui vous am\u00e8nera sur les bords de l&rsquo;Allier avant de remonter vers un joli point de vue sur le Lac et de rentrer par les berges de celui-ci.  (Le parcours passe par des terrains priv\u00e9s, merci de ne pas vous y rendre avant l&rsquo;\u00e9preuve afin que nous puissions conserver les autorisations pour les ann\u00e9es futures). <\/p>\n<\/div>\n\n\n\n<div class=\"wp-block-column is-layout-flow wp-block-column-is-layout-flow\">\n<p class=\"has-text-align-center\">Pour terminer le triple effort,  4 km  de trail vous am\u00e8neront vers la ligne d&rsquo;arriv\u00e9e ! Pour cela, vous  longerez le bord du lac et du plan d&rsquo;eau.<\/p>\n<\/div>\n<\/div>\n\n\n\n<div class=\"wp-block-columns is-layout-flex wp-container-core-columns-layout-4 wp-block-columns-is-layout-flex\">\n<div class=\"wp-block-column is-layout-flow wp-block-column-is-layout-flow\">\n<figure class=\"wp-block-image size-large\"><a href=\"http:\/\/www.triathlonlangognenaussac.fr\/wp-content\/uploads\/2025\/01\/Tri_Naussac_M_02072023-5-scaled.jpg\"><img loading=\"lazy\" decoding=\"async\" width=\"1024\" height=\"681\" src=\"http:\/\/www.triathlonlangognenaussac.fr\/wp-content\/uploads\/2025\/01\/Tri_Naussac_M_02072023-5-1024x681.jpg\" alt=\"\" class=\"wp-image-2701\" srcset=\"http:\/\/www.triathlonlangognenaussac.fr\/wp-content\/uploads\/2025\/01\/Tri_Naussac_M_02072023-5-1024x681.jpg 1024w, http:\/\/www.triathlonlangognenaussac.fr\/wp-content\/uploads\/2025\/01\/Tri_Naussac_M_02072023-5-300x200.jpg 300w, http:\/\/www.triathlonlangognenaussac.fr\/wp-content\/uploads\/2025\/01\/Tri_Naussac_M_02072023-5-768x511.jpg 768w, http:\/\/www.triathlonlangognenaussac.fr\/wp-content\/uploads\/2025\/01\/Tri_Naussac_M_02072023-5-1536x1022.jpg 1536w, http:\/\/www.triathlonlangognenaussac.fr\/wp-content\/uploads\/2025\/01\/Tri_Naussac_M_02072023-5-2048x1363.jpg 2048w\" sizes=\"(max-width: 1024px) 100vw, 1024px\" \/><\/a><\/figure>\n<\/div>\n\n\n\n<div class=\"wp-block-column is-layout-flow wp-block-column-is-layout-flow\"><div class=\"wp-block-image\">\n<figure class=\"aligncenter size-full\"><a href=\"http:\/\/www.triathlonlangognenaussac.fr\/wp-content\/uploads\/2015\/08\/DSCF0421.jpg\"><img loading=\"lazy\" decoding=\"async\" width=\"813\" height=\"542\" src=\"http:\/\/www.triathlonlangognenaussac.fr\/wp-content\/uploads\/2015\/08\/DSCF0421.jpg\" alt=\"\" class=\"wp-image-183\" srcset=\"http:\/\/www.triathlonlangognenaussac.fr\/wp-content\/uploads\/2015\/08\/DSCF0421.jpg 813w, http:\/\/www.triathlonlangognenaussac.fr\/wp-content\/uploads\/2015\/08\/DSCF0421-300x200.jpg 300w, http:\/\/www.triathlonlangognenaussac.fr\/wp-content\/uploads\/2015\/08\/DSCF0421-600x400.jpg 600w\" sizes=\"(max-width: 813px) 100vw, 813px\" \/><\/a><\/figure><\/div><\/div>\n\n\n\n<div class=\"wp-block-column is-layout-flow wp-block-column-is-layout-flow\"><div class=\"wp-block-image\">\n<figure class=\"aligncenter size-large is-resized\"><a href=\"http:\/\/www.triathlonlangognenaussac.fr\/wp-content\/uploads\/2023\/09\/Tri_Naussac_M_02072023-318-scaled.jpg\"><img loading=\"lazy\" decoding=\"async\" width=\"681\" height=\"1024\" src=\"http:\/\/www.triathlonlangognenaussac.fr\/wp-content\/uploads\/2023\/09\/Tri_Naussac_M_02072023-318-681x1024.jpg\" alt=\"\" class=\"wp-image-2279\" style=\"width:267px;height:auto\" srcset=\"http:\/\/www.triathlonlangognenaussac.fr\/wp-content\/uploads\/2023\/09\/Tri_Naussac_M_02072023-318-681x1024.jpg 681w, http:\/\/www.triathlonlangognenaussac.fr\/wp-content\/uploads\/2023\/09\/Tri_Naussac_M_02072023-318-200x300.jpg 200w, http:\/\/www.triathlonlangognenaussac.fr\/wp-content\/uploads\/2023\/09\/Tri_Naussac_M_02072023-318-scaled.jpg 1703w\" sizes=\"(max-width: 681px) 100vw, 681px\" \/><\/a><\/figure><\/div><\/div>\n<\/div>\n\n\n\n<p><strong><u>Le bulletin d\u2019inscription devra \u00eatre rempli et accompagn\u00e9 des documents suivants :<\/u><\/strong><\/p>\n\n\n\n<p>&#8211; Pour les personnes non licenci\u00e9es, un certificat m\u00e9dical de non contre-indication \u00e0 la pratique du Triathlon en comp\u00e9tition <strong><u>datant de moins d\u2019un an avant l\u2019\u00e9preuve<\/u><\/strong> ou le <strong>Formulaire Info Sant\u00e9<\/strong>.<\/p>\n\n\n\n<div data-wp-interactive=\"\" class=\"wp-block-file\"><object data-wp-bind--hidden=\"!selectors.core.file.hasPdfPreview\" hidden class=\"wp-block-file__embed\" data=\"https:\/\/www.triathlonlangognenaussac.fr\/wp-content\/uploads\/2025\/01\/FIS-2024-2.pdf\" type=\"application\/pdf\" style=\"width:100%;height:200px\" aria-label=\"Contenu embarqu\u00e9 FIS-2024-2.\"><\/object><a id=\"wp-block-file--media-3f5ba3ec-a4e9-41af-978b-0fe6d779deb8\" href=\"https:\/\/www.triathlonlangognenaussac.fr\/wp-content\/uploads\/2025\/01\/FIS-2024-2.pdf\">FIS-2024-2<\/a><a href=\"https:\/\/www.triathlonlangognenaussac.fr\/wp-content\/uploads\/2025\/01\/FIS-2024-2.pdf\" class=\"wp-block-file__button wp-element-button\" download aria-describedby=\"wp-block-file--media-3f5ba3ec-a4e9-41af-978b-0fe6d779deb8\">T\u00e9l\u00e9charger<\/a><\/div>\n\n\n\n<p>&#8211; Pour les licenci\u00e9s, merci de pr\u00e9senter votre Licence FFTRI en cours de validit\u00e9.<\/p>\n\n\n\n<p>&#8211; Pour les participants mineurs, une autorisation parentale (jointe au dossier d\u2019inscription)<\/p>\n\n\n\n<p>&#8211; Les licences FF Athl\u00e9tisme et FF Cyclisme et FF Natation ne pourront \u00eatre accept\u00e9es que dans le cadre du relais. (c.f. R\u00e8glementation FFTRI)<\/p>\n","protected":false},"excerpt":{"rendered":"<p>Tarifs Licenci\u00e9 25\u20ac Non licenci\u00e9 32\u20ac (25 + 7\u20ac licence exp\u00e9rience obligatoire) Relais\u00a0: (prix par relayeur) 17\u20ac(13 + 4\u20ac licence exp\u00e9rience obligatoire) \u00c2ge minimum 16 ans (N\u00e9s en 2010) 16 ans (n\u00e9s en 2010) Retrait des dossards Samedi 18 Juillet 2025 14h00-15h30 Ouverture parc \u00e0 v\u00e9los 16h00 Fermeture parc \u00e0 v\u00e9los 16h45 Briefing 16h55 D\u00e9part&hellip;&nbsp;<a href=\"http:\/\/www.triathlonlangognenaussac.fr\/?page_id=47\" class=\"\" rel=\"bookmark\">Lire la suite &raquo;<span class=\"screen-reader-text\">S Cross Triathlon<\/span><\/a><\/p>\n","protected":false},"author":1,"featured_media":0,"parent":0,"menu_order":0,"comment_status":"open","ping_status":"closed","template":"","meta":{"neve_meta_sidebar":"","neve_meta_container":"","neve_meta_enable_content_width":"","neve_meta_content_width":0,"neve_meta_title_alignment":"","neve_meta_author_avatar":"","neve_post_elements_order":"","neve_meta_disable_header":"","neve_meta_disable_footer":"","neve_meta_disable_title":"","_ti_tpc_template_sync":false,"_ti_tpc_template_id":"","footnotes":""},"_links":{"self":[{"href":"http:\/\/www.triathlonlangognenaussac.fr\/index.php?rest_route=\/wp\/v2\/pages\/47"}],"collection":[{"href":"http:\/\/www.triathlonlangognenaussac.fr\/index.php?rest_route=\/wp\/v2\/pages"}],"about":[{"href":"http:\/\/www.triathlonlangognenaussac.fr\/index.php?rest_route=\/wp\/v2\/types\/page"}],"author":[{"embeddable":true,"href":"http:\/\/www.triathlonlangognenaussac.fr\/index.php?rest_route=\/wp\/v2\/users\/1"}],"replies":[{"embeddable":true,"href":"http:\/\/www.triathlonlangognenaussac.fr\/index.php?rest_route=%2Fwp%2Fv2%2Fcomments&post=47"}],"version-history":[{"count":36,"href":"http:\/\/www.triathlonlangognenaussac.fr\/index.php?rest_route=\/wp\/v2\/pages\/47\/revisions"}],"predecessor-version":[{"id":2885,"href":"http:\/\/www.triathlonlangognenaussac.fr\/index.php?rest_route=\/wp\/v2\/pages\/47\/revisions\/2885"}],"wp:attachment":[{"href":"http:\/\/www.triathlonlangognenaussac.fr\/index.php?rest_route=%2Fwp%2Fv2%2Fmedia&parent=47"}],"curies":[{"name":"wp","href":"https:\/\/api.w.org\/{rel}","templated":true}]}}