{"id":60,"date":"2015-03-15T20:49:54","date_gmt":"2015-03-15T20:49:54","guid":{"rendered":"http:\/\/www.triathlonlangognenaussac.fr\/?page_id=60"},"modified":"2026-04-09T20:31:28","modified_gmt":"2026-04-09T20:31:28","slug":"inscriptions","status":"publish","type":"page","link":"http:\/\/www.triathlonlangognenaussac.fr\/?page_id=60","title":{"rendered":"Inscriptions"},"content":{"rendered":"<h1 style=\"text-align: center;\"><span style=\"text-decoration: underline; color: #000000;\"><strong>Modalit\u00e9s d&rsquo;inscription pour le Triathlon<\/strong><\/span><\/h1>\n<h3>Les inscriptions sont d\u00e9sormais accessibles en cliquant sur ces liens :<\/h3>\n<p>Cross Triathlon XS &#8211; S, triathlon S et M :\u00a0<a href=\"https:\/\/in.njuko.com\/altichrono_langogne_2026\" target=\"_blank\" rel=\"noopener\">https:\/\/in.njuko.com\/altichrono_langogne_2026<\/a><\/p>\n<p>CHALLENGE DES LIGUES DE PARATRIATHLON : <a href=\"https:\/\/in.njuko.com\/altichrono_challenge_paratriathlon_2026\">https:\/\/in.njuko.com\/altichrono_challenge_paratriathlon_2026<\/a><\/p>\n<p><strong><span style=\"color: #ff0000;\">Merci \u00e9galement de fournir l&rsquo;ensemble des documents au moment de votre inscription en ligne afin de simplifier la gestion des dossiers.\u00a0<\/span><\/strong><\/p>\n<p>Pensez \u00e0 scanner les licences, ou autorisations parentales n\u00e9cessaires \u00e0 votre inscription (une photo de bonne qualit\u00e9 est accept\u00e9e)<\/p>\n<h1><u><\/u><br \/>\n<strong><span style=\"text-decoration: underline;\"><span style=\"color: #ff0000; text-decoration: underline;\">Soyez attentifs \u00e0 choisir la bonne course lors de votre inscription en ligne ! ! ! !<\/span><\/span><\/strong><\/h1>\n<p><a href=\"http:\/\/www.triathlonlangognenaussac.fr\/?attachment_id=2525\" rel=\"attachment wp-att-2525\"><img loading=\"lazy\" decoding=\"async\" class=\"aligncenter size-full wp-image-2525\" src=\"http:\/\/www.triathlonlangognenaussac.fr\/wp-content\/uploads\/2024\/02\/received_1081133492472280-scaled.jpeg\" alt=\"\" width=\"1920\" height=\"2560\" srcset=\"http:\/\/www.triathlonlangognenaussac.fr\/wp-content\/uploads\/2024\/02\/received_1081133492472280-scaled.jpeg 1920w, http:\/\/www.triathlonlangognenaussac.fr\/wp-content\/uploads\/2024\/02\/received_1081133492472280-225x300.jpeg 225w, http:\/\/www.triathlonlangognenaussac.fr\/wp-content\/uploads\/2024\/02\/received_1081133492472280-768x1024.jpeg 768w, http:\/\/www.triathlonlangognenaussac.fr\/wp-content\/uploads\/2024\/02\/received_1081133492472280-1152x1536.jpeg 1152w, http:\/\/www.triathlonlangognenaussac.fr\/wp-content\/uploads\/2024\/02\/received_1081133492472280-1536x2048.jpeg 1536w\" sizes=\"(max-width: 1920px) 100vw, 1920px\" \/><\/a><\/p>\n","protected":false},"excerpt":{"rendered":"<p>Modalit\u00e9s d&rsquo;inscription pour le Triathlon Les inscriptions sont d\u00e9sormais accessibles en cliquant sur ces liens : Cross Triathlon XS &#8211; S, triathlon S et M :\u00a0https:\/\/in.njuko.com\/altichrono_langogne_2026 CHALLENGE DES LIGUES DE PARATRIATHLON : https:\/\/in.njuko.com\/altichrono_challenge_paratriathlon_2026 Merci \u00e9galement de fournir l&rsquo;ensemble des documents au moment de votre inscription en ligne afin de simplifier la gestion des dossiers.\u00a0 Pensez&hellip;&nbsp;<a href=\"http:\/\/www.triathlonlangognenaussac.fr\/?page_id=60\" class=\"\" rel=\"bookmark\">Lire la suite &raquo;<span class=\"screen-reader-text\">Inscriptions<\/span><\/a><\/p>\n","protected":false},"author":1,"featured_media":0,"parent":0,"menu_order":4,"comment_status":"open","ping_status":"closed","template":"","meta":{"neve_meta_sidebar":"","neve_meta_container":"","neve_meta_enable_content_width":"","neve_meta_content_width":0,"neve_meta_title_alignment":"","neve_meta_author_avatar":"","neve_post_elements_order":"","neve_meta_disable_header":"","neve_meta_disable_footer":"","neve_meta_disable_title":"","_ti_tpc_template_sync":false,"_ti_tpc_template_id":"","footnotes":""},"_links":{"self":[{"href":"http:\/\/www.triathlonlangognenaussac.fr\/index.php?rest_route=\/wp\/v2\/pages\/60"}],"collection":[{"href":"http:\/\/www.triathlonlangognenaussac.fr\/index.php?rest_route=\/wp\/v2\/pages"}],"about":[{"href":"http:\/\/www.triathlonlangognenaussac.fr\/index.php?rest_route=\/wp\/v2\/types\/page"}],"author":[{"embeddable":true,"href":"http:\/\/www.triathlonlangognenaussac.fr\/index.php?rest_route=\/wp\/v2\/users\/1"}],"replies":[{"embeddable":true,"href":"http:\/\/www.triathlonlangognenaussac.fr\/index.php?rest_route=%2Fwp%2Fv2%2Fcomments&post=60"}],"version-history":[{"count":26,"href":"http:\/\/www.triathlonlangognenaussac.fr\/index.php?rest_route=\/wp\/v2\/pages\/60\/revisions"}],"predecessor-version":[{"id":2922,"href":"http:\/\/www.triathlonlangognenaussac.fr\/index.php?rest_route=\/wp\/v2\/pages\/60\/revisions\/2922"}],"wp:attachment":[{"href":"http:\/\/www.triathlonlangognenaussac.fr\/index.php?rest_route=%2Fwp%2Fv2%2Fmedia&parent=60"}],"curies":[{"name":"wp","href":"https:\/\/api.w.org\/{rel}","templated":true}]}}