{"id":1666,"date":"2018-07-23T12:36:14","date_gmt":"2018-07-23T12:36:14","guid":{"rendered":"http:\/\/www.triathlonlangognenaussac.fr\/?page_id=1666"},"modified":"2018-07-23T12:36:14","modified_gmt":"2018-07-23T12:36:14","slug":"resultats-2018","status":"publish","type":"page","link":"https:\/\/www.triathlonlangognenaussac.fr\/?page_id=1666","title":{"rendered":"R\u00e9sultats 2018"},"content":{"rendered":"<p>Merci \u00e0 toutes et \u00e0 tous d&rsquo;\u00eatre venus aussi nombreux.<\/p>\n<p>Nous esp\u00e9rons que nos parcours vous ont plu et que notre organisation vous a pleinement satisfait !<\/p>\n<p>Nous remercions tout particuli\u00e8rement tout nos b\u00e9n\u00e9voles sans qui rien ne pourrait \u00eatre fait, les sponsors, les mairies et collectivit\u00e9s, les particuliers qui nous ont laiss\u00e9 les autorisations de passage.<\/p>\n<p>Voici les r\u00e9sultats des deux formats !<\/p>\n<p><a href=\"http:\/\/www.triathlonlangognenaussac.fr\/?attachment_id=1668\" rel=\"attachment wp-att-1668\">Cross Triathlon Langogne Naussac S &#8211; R\u00e9sultats<\/a><\/p>\n<p><a href=\"http:\/\/www.triathlonlangognenaussac.fr\/?attachment_id=1667\" rel=\"attachment wp-att-1667\">Cross Triathlon Langogne Naussac M &#8211; R\u00e9sultats<\/a><\/p>\n<p>&nbsp;<\/p>\n<p>A l&rsquo;ann\u00e9e prochaine !<\/p>\n","protected":false},"excerpt":{"rendered":"<p>Merci \u00e0 toutes et \u00e0 tous d&rsquo;\u00eatre venus aussi nombreux. Nous esp\u00e9rons que nos parcours vous ont plu et que notre organisation vous a pleinement satisfait ! Nous remercions tout particuli\u00e8rement tout nos b\u00e9n\u00e9voles sans qui rien ne pourrait \u00eatre fait, les sponsors, les mairies et collectivit\u00e9s, les particuliers qui nous ont laiss\u00e9 les autorisations&hellip;&nbsp;<a href=\"https:\/\/www.triathlonlangognenaussac.fr\/?page_id=1666\" class=\"\" rel=\"bookmark\">Lire la suite &raquo;<span class=\"screen-reader-text\">R\u00e9sultats 2018<\/span><\/a><\/p>\n","protected":false},"author":1,"featured_media":0,"parent":0,"menu_order":0,"comment_status":"closed","ping_status":"closed","template":"","meta":{"neve_meta_sidebar":"","neve_meta_container":"","neve_meta_enable_content_width":"","neve_meta_content_width":0,"neve_meta_title_alignment":"","neve_meta_author_avatar":"","neve_post_elements_order":"","neve_meta_disable_header":"","neve_meta_disable_footer":"","neve_meta_disable_title":"","_ti_tpc_template_sync":false,"_ti_tpc_template_id":"","footnotes":""},"_links":{"self":[{"href":"https:\/\/www.triathlonlangognenaussac.fr\/index.php?rest_route=\/wp\/v2\/pages\/1666"}],"collection":[{"href":"https:\/\/www.triathlonlangognenaussac.fr\/index.php?rest_route=\/wp\/v2\/pages"}],"about":[{"href":"https:\/\/www.triathlonlangognenaussac.fr\/index.php?rest_route=\/wp\/v2\/types\/page"}],"author":[{"embeddable":true,"href":"https:\/\/www.triathlonlangognenaussac.fr\/index.php?rest_route=\/wp\/v2\/users\/1"}],"replies":[{"embeddable":true,"href":"https:\/\/www.triathlonlangognenaussac.fr\/index.php?rest_route=%2Fwp%2Fv2%2Fcomments&post=1666"}],"version-history":[{"count":2,"href":"https:\/\/www.triathlonlangognenaussac.fr\/index.php?rest_route=\/wp\/v2\/pages\/1666\/revisions"}],"predecessor-version":[{"id":1670,"href":"https:\/\/www.triathlonlangognenaussac.fr\/index.php?rest_route=\/wp\/v2\/pages\/1666\/revisions\/1670"}],"wp:attachment":[{"href":"https:\/\/www.triathlonlangognenaussac.fr\/index.php?rest_route=%2Fwp%2Fv2%2Fmedia&parent=1666"}],"curies":[{"name":"wp","href":"https:\/\/api.w.org\/{rel}","templated":true}]}}