{"id":1931,"date":"2022-07-25T22:21:48","date_gmt":"2022-07-25T22:21:48","guid":{"rendered":"http:\/\/www.triathlonlangognenaussac.fr\/?page_id=1931"},"modified":"2022-07-25T22:40:07","modified_gmt":"2022-07-25T22:40:07","slug":"resultats-2022","status":"publish","type":"page","link":"https:\/\/www.triathlonlangognenaussac.fr\/?page_id=1931","title":{"rendered":"R\u00e9sultats 2022"},"content":{"rendered":"\n<p>Voil\u00e0 cette \u00e9dition 2022 est termin\u00e9e !! Encore un peu de rangement et de tri de notre c\u00f4t\u00e9 mais il est enfin temps de vous publier les r\u00e9sultats. <\/p>\n\n\n\n<p>Nous essaierons de transmettre les photos tr\u00e8s prochainement. <\/p>\n\n\n\n<p>En attendant nous vous remercions, vous les 136 engag\u00e9s de 10 \u00e0 80 ans, pour votre participation et votre sympathie. Nous esp\u00e9rons que vous avez passez un agr\u00e9able moment et que vous avez appr\u00e9ci\u00e9 cette journ\u00e9e \u00e0 nos c\u00f4t\u00e9. <\/p>\n\n\n\n<p>NOUS VOUS DONNONS RENDEZ VOUS L&rsquo;ANNEE PROCHAINE !!! N&rsquo;HESITEZ PAS A VENIR AVEC D&rsquo;AUTRES AMIS !! \ud83d\ude09 <\/p>\n\n\n\n<p>Nous remercions nos b\u00e9n\u00e9voles, sans qui, comme toujours, rien ne serait possible, et qui chaque ann\u00e9e r\u00e9pondent pr\u00e9sents et sont toujours l\u00e0 avec le sourire ! <\/p>\n\n\n\n<p>Un grand Merci \u00e0 Fred Montagn\u00e9 et son \u00e9quipe d&rsquo;arbitres<\/p>\n\n\n\n<p>Merci aussi \u00e0 notre speaker formidable Jean Fran\u00e7ois ! <\/p>\n\n\n\n<p>Un grand merci aux \u00e9lus de nous avoir honor\u00e9s de leur pr\u00e9sence. <\/p>\n\n\n\n<p>Nous remercions l&rsquo;ensemble de nos partenaires : <\/p>\n\n\n\n<ul><li>MG P\u00e2tisserie pour toutes les p\u00e2tisseries du ravitaillement et pour les b\u00e9n\u00e9voles<\/li><li> La Table du Lac <\/li><li>le Moto Verte Haute Loz\u00e8re <\/li><li>Le Club Nautique de Naussac Langogne<\/li><li>SAS Mourgues Vieira<\/li><li>Dubois Chaussures <\/li><li>Culture soudure<\/li><li>A fleur de coeur<\/li><li>Atol Guigon Optique<\/li><li>AXA Pierre Laurent<\/li><li>SAS Serge Gaillard<\/li><li>Lhermet Menuiserie<\/li><li>Optique C\u00e9dric Jouve <\/li><li>Intersport Mende<\/li><li>Le Golf du Domaine de Barres<\/li><li>Le Vieux Pont Bar<\/li><li>La Brasserie de Rocles<\/li><li>Mondo V\u00e9lo Mende<\/li><li>Plan\u00e8te 2 Roues<\/li><li>Les Terrasses du lac<\/li><li>Hugon Tourisme<\/li><li>Rondin Parc<\/li><li>Hyper U coeur Loz\u00e8re<\/li><li>Carrefour Contact Langogne <\/li><li>La ligue R\u00e9gionale de Triathlon Occitanie <\/li><li>Le d\u00e9partement de la Loz\u00e8re <\/li><li>La r\u00e9gion Occitanie <\/li><li>La Mairie de Langogne <\/li><li>La Mairie de Naussac-Fontanes<\/li><li>L&rsquo;Etablissement Public Loire.<\/li><\/ul>\n\n\n\n<p>Voil\u00e0 les r\u00e9sultats de cette \u00e9dition 2022. Encore f\u00e9licitations et merci \u00e0 tous ! A tr\u00e8s bient\u00f4t !! <\/p>\n\n\n\n<p><a href=\"http:\/\/www.triathlonlangognenaussac.fr\/wp-content\/uploads\/2022\/07\/RESULTATS-XS.pdf\">http:\/\/www.triathlonlangognenaussac.fr\/wp-content\/uploads\/2022\/07\/RESULTATS-XS.pdf<\/a><\/p>\n\n\n\n<p><a href=\"http:\/\/www.triathlonlangognenaussac.fr\/wp-content\/uploads\/2022\/07\/RESULTATS-S.pdf\">http:\/\/www.triathlonlangognenaussac.fr\/wp-content\/uploads\/2022\/07\/RESULTATS-S.pdf<\/a><\/p>\n\n\n\n<p><a href=\"http:\/\/www.triathlonlangognenaussac.fr\/wp-content\/uploads\/2022\/07\/RESULTATS-M.pdf\">http:\/\/www.triathlonlangognenaussac.fr\/wp-content\/uploads\/2022\/07\/RESULTATS-M.pdf<\/a><\/p>\n","protected":false},"excerpt":{"rendered":"<p>Voil\u00e0 cette \u00e9dition 2022 est termin\u00e9e !! Encore un peu de rangement et de tri de notre c\u00f4t\u00e9 mais il est enfin temps de vous publier les r\u00e9sultats. Nous essaierons de transmettre les photos tr\u00e8s prochainement. En attendant nous vous remercions, vous les 136 engag\u00e9s de 10 \u00e0 80 ans, pour votre participation et votre&hellip;&nbsp;<a href=\"https:\/\/www.triathlonlangognenaussac.fr\/?page_id=1931\" class=\"\" rel=\"bookmark\">Lire la suite &raquo;<span class=\"screen-reader-text\">R\u00e9sultats 2022<\/span><\/a><\/p>\n","protected":false},"author":1,"featured_media":0,"parent":0,"menu_order":0,"comment_status":"closed","ping_status":"closed","template":"","meta":{"neve_meta_sidebar":"","neve_meta_container":"","neve_meta_enable_content_width":"","neve_meta_content_width":0,"neve_meta_title_alignment":"","neve_meta_author_avatar":"","neve_post_elements_order":"","neve_meta_disable_header":"","neve_meta_disable_footer":"","neve_meta_disable_title":"","_ti_tpc_template_sync":false,"_ti_tpc_template_id":"","footnotes":""},"_links":{"self":[{"href":"https:\/\/www.triathlonlangognenaussac.fr\/index.php?rest_route=\/wp\/v2\/pages\/1931"}],"collection":[{"href":"https:\/\/www.triathlonlangognenaussac.fr\/index.php?rest_route=\/wp\/v2\/pages"}],"about":[{"href":"https:\/\/www.triathlonlangognenaussac.fr\/index.php?rest_route=\/wp\/v2\/types\/page"}],"author":[{"embeddable":true,"href":"https:\/\/www.triathlonlangognenaussac.fr\/index.php?rest_route=\/wp\/v2\/users\/1"}],"replies":[{"embeddable":true,"href":"https:\/\/www.triathlonlangognenaussac.fr\/index.php?rest_route=%2Fwp%2Fv2%2Fcomments&post=1931"}],"version-history":[{"count":7,"href":"https:\/\/www.triathlonlangognenaussac.fr\/index.php?rest_route=\/wp\/v2\/pages\/1931\/revisions"}],"predecessor-version":[{"id":1943,"href":"https:\/\/www.triathlonlangognenaussac.fr\/index.php?rest_route=\/wp\/v2\/pages\/1931\/revisions\/1943"}],"wp:attachment":[{"href":"https:\/\/www.triathlonlangognenaussac.fr\/index.php?rest_route=%2Fwp%2Fv2%2Fmedia&parent=1931"}],"curies":[{"name":"wp","href":"https:\/\/api.w.org\/{rel}","templated":true}]}}