{"id":2,"date":"2015-01-23T10:47:33","date_gmt":"2015-01-23T10:47:33","guid":{"rendered":"http:\/\/www.triathlonlangognenaussac.fr\/?page_id=2"},"modified":"2025-01-06T23:22:34","modified_gmt":"2025-01-06T23:22:34","slug":"page-d-exemple","status":"publish","type":"page","link":"https:\/\/www.triathlonlangognenaussac.fr\/?page_id=2","title":{"rendered":"Pr\u00e9sentation"},"content":{"rendered":"\n<figure class=\"wp-block-embed is-type-video is-provider-youtube wp-block-embed-youtube wp-embed-aspect-16-9 wp-has-aspect-ratio\"><div class=\"wp-block-embed__wrapper\">\n<div class=\"nv-iframe-embed\"><iframe loading=\"lazy\" title=\"Triathlon Langogne Naussac 2024\" width=\"1200\" height=\"675\" src=\"https:\/\/www.youtube.com\/embed\/hNGaQuHtO_U?start=8&#038;feature=oembed\" frameborder=\"0\" allow=\"accelerometer; autoplay; clipboard-write; encrypted-media; gyroscope; picture-in-picture; web-share\" referrerpolicy=\"strict-origin-when-cross-origin\" allowfullscreen><\/iframe><\/div>\n<\/div><\/figure>\n\n\n<p>C\u2019est en 2015 apr\u00e8s quelques ann\u00e9es de repos que le triathlon de Langogne-Naussac sort de son sommeil. Forts du succ\u00e8s des \u00e9ditions pr\u00e9c\u00e9dentes et apr\u00e8s les \u00e9chos positifs d\u2019anciens participants regrettant la disparition de l\u2019\u00e9preuve, l\u2019id\u00e9e est venue de reprendre le flambeau. Quelques coups de fils pour motiver \u00e0 nouveau certains cadres et le projet \u00e9tait lanc\u00e9.<\/p>\n<p>Depuis son retour, 9 \u00e9ditions du Triathlon ont d\u00e9j\u00e0 eu lieu et plus de 1200 concurrents et leurs accompagnateurs ont d\u00e9j\u00e0 pu profiter du Lac de Naussac. La derni\u00e8re \u00e9dition a vu la participation de pr\u00e8s de 400 concurrents sur trois \u00e9preuves :<\/p>\n<p>&#8211; une distance XS cross triathlon avec 250m de natation, 5,5km de VTT et 2km de trail<\/p>\n<p>&#8211; une distance S cross triathlon avec 500m de Natation, 11km de VTT et 4km de Trail<\/p>\n<p>&#8211; une distance M triathlon route avec 1,5km de Natation, 38,25km de cyclisme sur route et 10km de course \u00e0 pied.<\/p>\n<p><a href=\"https:\/\/www.triathlonlangognenaussac.fr\/?attachment_id=2665\" rel=\"attachment wp-att-2481\"><img loading=\"lazy\" decoding=\"async\" class=\"aligncenter wp-image-2665 size-full\" src=\"http:\/\/www.triathlonlangognenaussac.fr\/wp-content\/uploads\/2024\/12\/20240721_130001-scaled.jpg\" alt=\"\" width=\"2560\" height=\"1440\" srcset=\"https:\/\/www.triathlonlangognenaussac.fr\/wp-content\/uploads\/2024\/12\/20240721_130001-scaled.jpg 2560w, https:\/\/www.triathlonlangognenaussac.fr\/wp-content\/uploads\/2024\/12\/20240721_130001-300x169.jpg 300w, https:\/\/www.triathlonlangognenaussac.fr\/wp-content\/uploads\/2024\/12\/20240721_130001-1024x576.jpg 1024w, https:\/\/www.triathlonlangognenaussac.fr\/wp-content\/uploads\/2024\/12\/20240721_130001-768x432.jpg 768w, https:\/\/www.triathlonlangognenaussac.fr\/wp-content\/uploads\/2024\/12\/20240721_130001-1536x864.jpg 1536w, https:\/\/www.triathlonlangognenaussac.fr\/wp-content\/uploads\/2024\/12\/20240721_130001-2048x1152.jpg 2048w\" sizes=\"(max-width: 2560px) 100vw, 2560px\" \/><\/a><\/p>\n<p>Le principe de l&rsquo;\u00e9preuve est simple : \u00e9tablir le meilleur temps, sans arr\u00eat du chronom\u00e8tre, sur un parcours compos\u00e9 d\u2019une \u00e9preuve de natation suivie d\u2019une \u00e9preuve de cyclisme\/VTT et termin\u00e9e par une course \u00e0 pied\/trail.<\/p>\n<p>Le comit\u00e9 d\u2019organisation et les nombreux b\u00e9n\u00e9voles s&rsquo;efforcent chaque ann\u00e9e de contribuer au plaisir et \u00e0 la r\u00e9ussite des concurrents. Le bon d\u00e9roulement des 9 \u00e9ditions ainsi que les r\u00e9actions positives des participants nous ont encourag\u00e9s \u00e0 poursuivre l\u2019aventure les 19 et 20 Juillet 2025 pour les 10 ans !!\u00a0 Un format S route va voir le jour et \u00eatre accessible aux para-triathl\u00e8tes !<\/p>\n<p>Malgr\u00e9 les ann\u00e9es qui passent l\u2019objectif reste inchang\u00e9 : proposer une \u00e9preuve chaleureuse , marqu\u00e9e par le plaisir et la joie de tous ceux qui y participent. Tout cela avec pour terrain de jeu le Lac de Naussac que vous pourrez d\u00e9couvrir ou red\u00e9couvrir.<\/p>\n<p>Suite aux \u00e9ditions pr\u00e9c\u00e9dentes, notre Triathlon a obtenu le Label D\u00e9veloppement Durable ** et le Label F\u00e9minin. Nous reconduisons la demande cette ann\u00e9e afin de poursuivre notre \u00e9volution, de but de pr\u00e9server notre magnifique site de pratique et de rendre accessible la pratique au plus grand nombre.<\/p>\n<p>Nous vous attendons nombreuses et nombreux !!!<\/p>\n<p><a href=\"http:\/\/www.triathlonlangognenaussac.fr\/?attachment_id=1779\" rel=\"attachment wp-att-1779\"><img loading=\"lazy\" decoding=\"async\" class=\"aligncenter size-full wp-image-1779\" src=\"http:\/\/www.triathlonlangognenaussac.fr\/wp-content\/uploads\/2020\/01\/tri.jpg\" alt=\"\" width=\"3120\" height=\"1816\" srcset=\"https:\/\/www.triathlonlangognenaussac.fr\/wp-content\/uploads\/2020\/01\/tri.jpg 3120w, https:\/\/www.triathlonlangognenaussac.fr\/wp-content\/uploads\/2020\/01\/tri-300x175.jpg 300w, https:\/\/www.triathlonlangognenaussac.fr\/wp-content\/uploads\/2020\/01\/tri-768x447.jpg 768w, https:\/\/www.triathlonlangognenaussac.fr\/wp-content\/uploads\/2020\/01\/tri-1024x596.jpg 1024w, https:\/\/www.triathlonlangognenaussac.fr\/wp-content\/uploads\/2020\/01\/tri-945x550.jpg 945w, https:\/\/www.triathlonlangognenaussac.fr\/wp-content\/uploads\/2020\/01\/tri-600x349.jpg 600w\" sizes=\"(max-width: 3120px) 100vw, 3120px\" \/><\/a><\/p>","protected":false},"excerpt":{"rendered":"<p>C\u2019est en 2015 apr\u00e8s quelques ann\u00e9es de repos que le triathlon de Langogne-Naussac sort de son sommeil. Forts du succ\u00e8s des \u00e9ditions pr\u00e9c\u00e9dentes et apr\u00e8s les \u00e9chos positifs d\u2019anciens participants regrettant la disparition de l\u2019\u00e9preuve, l\u2019id\u00e9e est venue de reprendre le flambeau. Quelques coups de fils pour motiver \u00e0 nouveau certains cadres et le projet&hellip;&nbsp;<a href=\"https:\/\/www.triathlonlangognenaussac.fr\/?page_id=2\" class=\"\" rel=\"bookmark\">Lire la suite &raquo;<span class=\"screen-reader-text\">Pr\u00e9sentation<\/span><\/a><\/p>\n","protected":false},"author":1,"featured_media":0,"parent":0,"menu_order":0,"comment_status":"open","ping_status":"open","template":"","meta":{"neve_meta_sidebar":"","neve_meta_container":"","neve_meta_enable_content_width":"","neve_meta_content_width":0,"neve_meta_title_alignment":"","neve_meta_author_avatar":"","neve_post_elements_order":"","neve_meta_disable_header":"","neve_meta_disable_footer":"","neve_meta_disable_title":"","_ti_tpc_template_sync":false,"_ti_tpc_template_id":"","footnotes":""},"_links":{"self":[{"href":"https:\/\/www.triathlonlangognenaussac.fr\/index.php?rest_route=\/wp\/v2\/pages\/2"}],"collection":[{"href":"https:\/\/www.triathlonlangognenaussac.fr\/index.php?rest_route=\/wp\/v2\/pages"}],"about":[{"href":"https:\/\/www.triathlonlangognenaussac.fr\/index.php?rest_route=\/wp\/v2\/types\/page"}],"author":[{"embeddable":true,"href":"https:\/\/www.triathlonlangognenaussac.fr\/index.php?rest_route=\/wp\/v2\/users\/1"}],"replies":[{"embeddable":true,"href":"https:\/\/www.triathlonlangognenaussac.fr\/index.php?rest_route=%2Fwp%2Fv2%2Fcomments&post=2"}],"version-history":[{"count":17,"href":"https:\/\/www.triathlonlangognenaussac.fr\/index.php?rest_route=\/wp\/v2\/pages\/2\/revisions"}],"predecessor-version":[{"id":2721,"href":"https:\/\/www.triathlonlangognenaussac.fr\/index.php?rest_route=\/wp\/v2\/pages\/2\/revisions\/2721"}],"wp:attachment":[{"href":"https:\/\/www.triathlonlangognenaussac.fr\/index.php?rest_route=%2Fwp%2Fv2%2Fmedia&parent=2"}],"curies":[{"name":"wp","href":"https:\/\/api.w.org\/{rel}","templated":true}]}}