{"id":2894,"date":"2026-02-06T23:46:22","date_gmt":"2026-02-06T23:46:22","guid":{"rendered":"https:\/\/www.triathlonlangognenaussac.fr\/?page_id=2894"},"modified":"2026-04-09T20:55:55","modified_gmt":"2026-04-09T20:55:55","slug":"challenge-des-ligues-de-paratriathlon","status":"publish","type":"page","link":"https:\/\/www.triathlonlangognenaussac.fr\/?page_id=2894","title":{"rendered":"Challenge des Ligues de Paratriathlon"},"content":{"rendered":"\n<div class=\"wp-block-columns is-layout-flex wp-container-core-columns-layout-1 wp-block-columns-is-layout-flex\">\n<div class=\"wp-block-column is-layout-flow wp-block-column-is-layout-flow\"><div class=\"wp-block-image\">\n<figure class=\"aligncenter size-large is-resized\"><a href=\"http:\/\/www.triathlonlangognenaussac.fr\/wp-content\/uploads\/2026\/04\/FFTRI_2026_CHALLENGE_PARATRIATHLON_A4.jpg\"><img loading=\"lazy\" decoding=\"async\" width=\"734\" height=\"1024\" src=\"http:\/\/www.triathlonlangognenaussac.fr\/wp-content\/uploads\/2026\/04\/FFTRI_2026_CHALLENGE_PARATRIATHLON_A4-734x1024.jpg\" alt=\"\" class=\"wp-image-2923\" style=\"width:385px;height:auto\" srcset=\"https:\/\/www.triathlonlangognenaussac.fr\/wp-content\/uploads\/2026\/04\/FFTRI_2026_CHALLENGE_PARATRIATHLON_A4-734x1024.jpg 734w, https:\/\/www.triathlonlangognenaussac.fr\/wp-content\/uploads\/2026\/04\/FFTRI_2026_CHALLENGE_PARATRIATHLON_A4-215x300.jpg 215w, https:\/\/www.triathlonlangognenaussac.fr\/wp-content\/uploads\/2026\/04\/FFTRI_2026_CHALLENGE_PARATRIATHLON_A4-768x1072.jpg 768w, https:\/\/www.triathlonlangognenaussac.fr\/wp-content\/uploads\/2026\/04\/FFTRI_2026_CHALLENGE_PARATRIATHLON_A4-1101x1536.jpg 1101w, https:\/\/www.triathlonlangognenaussac.fr\/wp-content\/uploads\/2026\/04\/FFTRI_2026_CHALLENGE_PARATRIATHLON_A4.jpg 1433w\" sizes=\"(max-width: 734px) 100vw, 734px\" \/><\/a><\/figure><\/div><\/div>\n\n\n\n<div class=\"wp-block-column is-layout-flow wp-block-column-is-layout-flow\">\n<p><\/p>\n\n\n\n<p>C&rsquo;est avec beaucoup de fiert\u00e9 et de joie que notre \u00e9preuve accueillera le Challenge des Ligues de Paratriathlon le Samedi 18 Juillet 2026. <\/p>\n\n\n\n<p class=\"has-text-align-center\">Apr\u00e8s trois ann\u00e9es \u00e0 la Fert\u00e9 Bernard, la F\u00e9d\u00e9ration Fran\u00e7aise de Triathlon nous a fait l&rsquo;honneur d&rsquo;accepter notre candidature soutenue par la Ligue Occitanie.  Nous les remercions ainsi que la ligue pour leur confiance et allons nous efforcer de proposer une \u00e9preuve aussi belle et int\u00e9ressante que possible. <\/p>\n\n\n\n<p class=\"has-text-align-center\">Merci et bravo aux membres de l&rsquo;organisation de la Fert\u00e9 Bernard pour leur travail pour cette \u00e9preuve. Nous essayerons d&rsquo;\u00eatre \u00e0 la hauteur de ce que vous avez pu proposer ! <\/p>\n<\/div>\n<\/div>\n\n\n\n<p>Ce challenge s&rsquo;inscrit pleinement dans notre volont\u00e9 d&rsquo;inclusion que nous d\u00e9veloppons depuis de nombreuses ann\u00e9e avec l&rsquo;aide de foyers de vies pour personnes en situation de handicap pour le balisage, les inscriptions ou les ravitaillements. Certains d&rsquo;entre eux ont \u00e9galement pu participer \u00e0 des relais. C&rsquo;est un \u00e9v\u00e9nement qui est devenu incontournable dans leur \u00e9t\u00e9 et qu&rsquo;ils ne manqueraient pour rien au monde. <\/p>\n\n\n\n<p>Le challenge qu&rsquo;est ce que c&rsquo;est ? <\/p>\n\n\n\n<p>C&rsquo;est une \u00e9preuve en relais de 4 personnes en situation de handicap avec un handler (assistant, guide). Chaque membre de l&rsquo;\u00e9quipe doit se mesurer aux 3OOm de natation, 6,6km de cyclisme et aux 1,2km de course \u00e0 pied avant de passer le relais au suivant. <\/p>\n\n\n\n<p><strong>Equipes Challenge :<\/strong><\/p>\n\n\n\n<ul>\n<li>Pour \u00eatre<strong> class\u00e9e au Challenge de Ligues de Para Triathlon<\/strong> une \u00e9quipe doit \u00eatre compos\u00e9e:\n<ul>\n<li>d\u2019au moins<strong> 1 homme <\/strong>et d\u2019au moins <strong>1 femme<\/strong>;&nbsp;<\/li>\n\n\n\n<li>d\u2019<strong>un athl\u00e8te en fauteuil roulant<\/strong> pratiquant le handbike et le fauteuil de course (PTWC).&nbsp;<\/li>\n\n\n\n<li>de <strong>3 athl\u00e8tes debouts<\/strong> (seul ou en tandem : PTS2, PTS3, PTS4, PTS5, PTVI, PTS7, PTS8)&nbsp;<\/li>\n\n\n\n<li>d\u2019un <strong>Assistant de Transition<\/strong>&nbsp;<\/li>\n<\/ul>\n<\/li>\n\n\n\n<li><strong>Il est possible d\u2019int\u00e9grer un tandem mixte, mais il sera consid\u00e9r\u00e9 comme un tandem masculin<\/strong><strong><em>.<\/em><\/strong><\/li>\n\n\n\n<li><strong>Une ligue peut classer plusieurs \u00e9quipes <\/strong>au titre du Challenge des Ligues de Para Triathlon (une \u00e9quipe maximum par ligue sur le podium)<\/li>\n<\/ul>\n\n\n\n<p><strong>Equipes Hors Challenge (classement scratch non r\u00e9compens\u00e9) :<\/strong><\/p>\n\n\n\n<ul>\n<li>Pour \u00eatre class\u00e9es au<strong> classement scratch <\/strong>de l\u2019\u00e9preuve les \u00e9quipes peuvent (sans pr\u00e9tendre au titre) :\n<ul>\n<li><strong>remplacer <\/strong>1 paratriathl\u00e8te debout (seul ou en tandem) par un athl\u00e8te valide&nbsp;<\/li>\n\n\n\n<li><strong>faire doubler <\/strong>un relais sans enchainer les 2 passages (relayeur B et relayeur D, et \u00e0 condition de ne pas d\u00e9passer les distances autoris\u00e9es par la cat\u00e9gorie d&rsquo;\u00e2ge)<\/li>\n\n\n\n<li>\u00eatre compos\u00e9es d\u2019athl\u00e8tes de <strong>diff\u00e9rentes ligues<\/strong><\/li>\n<\/ul>\n<\/li>\n\n\n\n<li><strong>Toute \u00e9quipe ne disposant pas de relayeur PTWC devra faire partir son premier relayeur uniquement apr\u00e8s que le premier concurrent PTWC ait termin\u00e9 son relais<\/strong><\/li>\n<\/ul>\n\n\n\n<p><\/p>\n\n\n\n<p><strong><mark style=\"background-color:rgba(0, 0, 0, 0)\" class=\"has-inline-color has-neve-link-hover-color-color\">Pour vous inscrire c&rsquo;est ici<\/mark><mark style=\"background-color:rgba(0, 0, 0, 0)\" class=\"has-inline-color has-neve-link-color-color\"> <\/mark><\/strong>: <a href=\"https:\/\/in.njuko.com\/altichrono_challenge_paratriathlon_2026\" target=\"_blank\" rel=\"noreferrer noopener\">https:\/\/in.njuko.com\/altichrono_challenge_paratriathlon_2026<\/a><\/p>\n\n\n\n<p><\/p>\n\n\n\n<p><\/p>\n\n\n\n<p>Les parcours et les infos sur l&rsquo;organisation du parc \u00e0 v\u00e9lo, de l&rsquo;aire de transition et l&rsquo;aire d&rsquo;arriv\u00e9e : <\/p>\n\n\n\n<div data-wp-interactive=\"\" class=\"wp-block-file\"><object data-wp-bind--hidden=\"!selectors.core.file.hasPdfPreview\" hidden class=\"wp-block-file__embed\" data=\"https:\/\/www.triathlonlangognenaussac.fr\/wp-content\/uploads\/2026\/04\/Plans-challenge-Copie.pdf\" type=\"application\/pdf\" style=\"width:100%;height:600px\" aria-label=\"Contenu embarqu\u00e9 Plans-challenge.\"><\/object><a id=\"wp-block-file--media-51c0a90e-081e-46dc-8f02-a9c2660a8501\" href=\"https:\/\/www.triathlonlangognenaussac.fr\/wp-content\/uploads\/2026\/04\/Plans-challenge-Copie.pdf\">Plans-challenge<\/a><a href=\"https:\/\/www.triathlonlangognenaussac.fr\/wp-content\/uploads\/2026\/04\/Plans-challenge-Copie.pdf\" class=\"wp-block-file__button wp-element-button\" download aria-describedby=\"wp-block-file--media-51c0a90e-081e-46dc-8f02-a9c2660a8501\">T\u00e9l\u00e9charger<\/a><\/div>\n\n\n\n<p><\/p>\n","protected":false},"excerpt":{"rendered":"<p>C&rsquo;est avec beaucoup de fiert\u00e9 et de joie que notre \u00e9preuve accueillera le Challenge des Ligues de Paratriathlon le Samedi 18 Juillet 2026. Apr\u00e8s trois ann\u00e9es \u00e0 la Fert\u00e9 Bernard, la F\u00e9d\u00e9ration Fran\u00e7aise de Triathlon nous a fait l&rsquo;honneur d&rsquo;accepter notre candidature soutenue par la Ligue Occitanie. Nous les remercions ainsi que la ligue pour&hellip;&nbsp;<a href=\"https:\/\/www.triathlonlangognenaussac.fr\/?page_id=2894\" class=\"\" rel=\"bookmark\">Lire la suite &raquo;<span class=\"screen-reader-text\">Challenge des Ligues de Paratriathlon<\/span><\/a><\/p>\n","protected":false},"author":1,"featured_media":0,"parent":0,"menu_order":0,"comment_status":"closed","ping_status":"closed","template":"","meta":{"neve_meta_sidebar":"","neve_meta_container":"","neve_meta_enable_content_width":"","neve_meta_content_width":0,"neve_meta_title_alignment":"","neve_meta_author_avatar":"","neve_post_elements_order":"","neve_meta_disable_header":"","neve_meta_disable_footer":"","neve_meta_disable_title":"","_ti_tpc_template_sync":false,"_ti_tpc_template_id":"","footnotes":""},"_links":{"self":[{"href":"https:\/\/www.triathlonlangognenaussac.fr\/index.php?rest_route=\/wp\/v2\/pages\/2894"}],"collection":[{"href":"https:\/\/www.triathlonlangognenaussac.fr\/index.php?rest_route=\/wp\/v2\/pages"}],"about":[{"href":"https:\/\/www.triathlonlangognenaussac.fr\/index.php?rest_route=\/wp\/v2\/types\/page"}],"author":[{"embeddable":true,"href":"https:\/\/www.triathlonlangognenaussac.fr\/index.php?rest_route=\/wp\/v2\/users\/1"}],"replies":[{"embeddable":true,"href":"https:\/\/www.triathlonlangognenaussac.fr\/index.php?rest_route=%2Fwp%2Fv2%2Fcomments&post=2894"}],"version-history":[{"count":4,"href":"https:\/\/www.triathlonlangognenaussac.fr\/index.php?rest_route=\/wp\/v2\/pages\/2894\/revisions"}],"predecessor-version":[{"id":2928,"href":"https:\/\/www.triathlonlangognenaussac.fr\/index.php?rest_route=\/wp\/v2\/pages\/2894\/revisions\/2928"}],"wp:attachment":[{"href":"https:\/\/www.triathlonlangognenaussac.fr\/index.php?rest_route=%2Fwp%2Fv2%2Fmedia&parent=2894"}],"curies":[{"name":"wp","href":"https:\/\/api.w.org\/{rel}","templated":true}]}}