{"id":29,"date":"2015-01-27T12:59:56","date_gmt":"2015-01-27T12:59:56","guid":{"rendered":"http:\/\/www.triathlonlangognenaussac.fr\/?page_id=29"},"modified":"2026-02-06T22:57:11","modified_gmt":"2026-02-06T22:57:11","slug":"les-epreuves","status":"publish","type":"page","link":"https:\/\/www.triathlonlangognenaussac.fr\/?page_id=29","title":{"rendered":"Les \u00e9preuves"},"content":{"rendered":"<p><strong><span style=\"text-decoration: underline;\">Les \u00e9preuves du Triathlon Langogne \u2013 Naussac\u00a0<\/span><\/strong><\/p>\n<p>Voici les \u00e9preuves propos\u00e9es\u00a0<\/p>\n<ul>\n<li><a href=\"http:\/\/www.triathlonlangognenaussac.fr\/?page_id=43\">Distance XS<\/a> (Cross Triathlon) : 200 m de natation &#8211; 5,5 km de VTT &#8211; 2,2 km de Trail<\/li>\n<li><a href=\"https:\/\/www.triathlonlangognenaussac.fr\/?page_id=47\">Distance S<\/a> (Cross Triathlon) : 500 m de natation &#8211; 14 km de VTT &#8211; 4 km de Trail<\/li>\n<li><a href=\"https:\/\/www.triathlonlangognenaussac.fr\/?page_id=2696\" target=\"_blank\" rel=\"noopener\">Distance S<\/a> (Route) : 750m de natation &#8211; 20km de cyclisme &#8211; 5km de course \u00e0 pied : Label accessibilit\u00e9, <a href=\"https:\/\/www.triathlonlangognenaussac.fr\/?page_id=2742\" target=\"_blank\" rel=\"noopener\">ouvert aux para-triathl\u00e8tes<\/a><\/li>\n<li><a href=\"https:\/\/www.triathlonlangognenaussac.fr\/?page_id=32\">Distance M<\/a> (Route) : 1,5 km de natation &#8211; 38,25 km de Cyclisme &#8211; 10 km de Course \u00e0 pied<\/li>\n<li>Challenge des Ligues de Paratriathlon : Relais de 4 : 300m de natation, 6,6km de cyclisme, 1,2km de course \u00e0 pied (chaque relayeur fait les 3 \u00e9preuves avant de transmettre le relais.)\u00a0<\/li>\n<\/ul>\n<p>Chaque \u00e9preuve est ouverte en individuel ou en relais de 2 ou 3 personnes que vous soyez licenci\u00e9s ou non licenci\u00e9s.\u00a0<\/p>\n<p><a href=\"http:\/\/www.triathlonlangognenaussac.fr\/?attachment_id=2474\" rel=\"attachment wp-att-2474\" data-wp-editing=\"1\"><img loading=\"lazy\" decoding=\"async\" class=\"aligncenter wp-image-2474 size-medium\" src=\"http:\/\/www.triathlonlangognenaussac.fr\/wp-content\/uploads\/2024\/02\/1000021444-scaled-e1707400569814-300x226.jpg\" alt=\"\" width=\"300\" height=\"226\" srcset=\"https:\/\/www.triathlonlangognenaussac.fr\/wp-content\/uploads\/2024\/02\/1000021444-scaled-e1707400569814-300x226.jpg 300w, https:\/\/www.triathlonlangognenaussac.fr\/wp-content\/uploads\/2024\/02\/1000021444-scaled-e1707400569814-768x578.jpg 768w, https:\/\/www.triathlonlangognenaussac.fr\/wp-content\/uploads\/2024\/02\/1000021444-scaled-e1707400569814-1024x770.jpg 1024w, https:\/\/www.triathlonlangognenaussac.fr\/wp-content\/uploads\/2024\/02\/1000021444-scaled-e1707400569814.jpg 1139w\" sizes=\"(max-width: 300px) 100vw, 300px\" \/><\/a><\/p>\n<table style=\"height: 268px;\" width=\"977\">\n<tbody>\n<tr>\n<td width=\"246\">\n<p style=\"text-align: center;\">Epreuve \/ Format<\/p>\n<\/td>\n<td width=\"161\">\n<p style=\"text-align: center;\"><strong>XS <\/strong><\/p>\n<\/td>\n<td style=\"text-align: center;\" width=\"161\">\n<p><strong>S (cross et route)<\/strong><\/p>\n<\/td>\n<td width=\"155\">\n<p style=\"text-align: center;\"><strong>M <\/strong><\/p>\n<\/td>\n<\/tr>\n<tr>\n<td width=\"246\">\n<p style=\"text-align: center;\">\u00c2ge minimum en <strong>INDIVIDUEL<\/strong><\/p>\n<\/td>\n<td style=\"text-align: center;\" width=\"161\">\n<p>12 ans (n\u00e9s en 2014)<\/p>\n<\/td>\n<td style=\"text-align: center;\" width=\"161\">\n<p>16 ans (n\u00e9s en 2010)<\/p>\n<\/td>\n<td width=\"155\">\n<p style=\"text-align: center;\">18 ans (n\u00e9s en 2008)<\/p>\n<\/td>\n<\/tr>\n<tr>\n<td width=\"246\">\n<p style=\"text-align: center;\">\u00c2ge minimum en <strong>RELAIS<\/strong> (1 seule \u00e9preuve pour ces cat\u00e9gories d\u2019\u00e2ge)<\/p>\n<\/td>\n<td width=\"161\">\n<p style=\"text-align: center;\">12 ans (n\u00e9s en 2014)<\/p>\n<\/td>\n<td style=\"text-align: center;\" width=\"161\">\n<p>16 ans (n\u00e9s en 2010)<\/p>\n<\/td>\n<td width=\"155\">\n<p style=\"text-align: center;\">16 ans (n\u00e9s en 2010)<\/p>\n<\/td>\n<\/tr>\n<\/tbody>\n<\/table>\n\n\n<p><\/p>\n","protected":false},"excerpt":{"rendered":"<p>Les \u00e9preuves du Triathlon Langogne \u2013 Naussac\u00a0 Voici les \u00e9preuves propos\u00e9es\u00a0 Distance XS (Cross Triathlon) : 200 m de natation &#8211; 5,5 km de VTT &#8211; 2,2 km de Trail Distance S (Cross Triathlon) : 500 m de natation &#8211; 14 km de VTT &#8211; 4 km de Trail Distance S (Route) : 750m de&hellip;&nbsp;<a href=\"https:\/\/www.triathlonlangognenaussac.fr\/?page_id=29\" class=\"\" rel=\"bookmark\">Lire la suite &raquo;<span class=\"screen-reader-text\">Les \u00e9preuves<\/span><\/a><\/p>\n","protected":false},"author":1,"featured_media":0,"parent":0,"menu_order":0,"comment_status":"open","ping_status":"open","template":"","meta":{"neve_meta_sidebar":"","neve_meta_container":"","neve_meta_enable_content_width":"","neve_meta_content_width":0,"neve_meta_title_alignment":"","neve_meta_author_avatar":"","neve_post_elements_order":"","neve_meta_disable_header":"","neve_meta_disable_footer":"","neve_meta_disable_title":"","_ti_tpc_template_sync":false,"_ti_tpc_template_id":"","footnotes":""},"_links":{"self":[{"href":"https:\/\/www.triathlonlangognenaussac.fr\/index.php?rest_route=\/wp\/v2\/pages\/29"}],"collection":[{"href":"https:\/\/www.triathlonlangognenaussac.fr\/index.php?rest_route=\/wp\/v2\/pages"}],"about":[{"href":"https:\/\/www.triathlonlangognenaussac.fr\/index.php?rest_route=\/wp\/v2\/types\/page"}],"author":[{"embeddable":true,"href":"https:\/\/www.triathlonlangognenaussac.fr\/index.php?rest_route=\/wp\/v2\/users\/1"}],"replies":[{"embeddable":true,"href":"https:\/\/www.triathlonlangognenaussac.fr\/index.php?rest_route=%2Fwp%2Fv2%2Fcomments&post=29"}],"version-history":[{"count":15,"href":"https:\/\/www.triathlonlangognenaussac.fr\/index.php?rest_route=\/wp\/v2\/pages\/29\/revisions"}],"predecessor-version":[{"id":2883,"href":"https:\/\/www.triathlonlangognenaussac.fr\/index.php?rest_route=\/wp\/v2\/pages\/29\/revisions\/2883"}],"wp:attachment":[{"href":"https:\/\/www.triathlonlangognenaussac.fr\/index.php?rest_route=%2Fwp%2Fv2%2Fmedia&parent=29"}],"curies":[{"name":"wp","href":"https:\/\/api.w.org\/{rel}","templated":true}]}}